{"id":29617,"date":"2016-03-15T09:53:09","date_gmt":"2016-03-15T09:53:09","guid":{"rendered":"https:\/\/rocky-agri.com\/app-landing\/"},"modified":"2023-06-14T09:45:22","modified_gmt":"2023-06-14T07:45:22","slug":"app-landing","status":"publish","type":"page","link":"https:\/\/rocky-agri.com\/de\/","title":{"rendered":"Home"},"content":{"rendered":"<div class=\"wpb-content-wrapper\"><p>[vc_row row_type=&#8221;row&#8221; use_row_as_full_screen_section=&#8221;no&#8221; type=&#8221;full_width&#8221; text_align=&#8221;left&#8221; background_animation=&#8221;none&#8221; css_animation=&#8221;&#8221; css=&#8221;.vc_custom_1545296864892{padding-top: 60px !important;padding-bottom: 60px !important;background-color: #4d4d4d !important;}&#8221; el_id=&#8221;cosa&#8221;][vc_column css=&#8221;.vc_custom_1545243682868{padding-top: 30px !important;padding-bottom: 30px !important;}&#8221; el_class=&#8221;riga-fifty&#8221;][vc_column_text el_class=&#8221;white&#8221;]<\/p>\n<h3>Was Ist Rocky?<\/h3>\n<p>Rocky ist ein batteriebetriebener Sitzwagen\u00a0f\u00fcr die Landwirtschaft.<br \/>\nDank unserem patentierten System, erm\u00f6glicht Rocky sowohl Zeit- als auch Geld- und Energieersparnis.<\/p>\n<p>Au\u00dferdem erleichtert die Maschine die Arbeit im Betrieb wesentlich.<\/p>\n<p>&nbsp;<\/p>\n<p>Unser Ziel ist ein optimales und \u00f6kologisches Produkt und einen TOP-Service f\u00fcr Ihr Betrieb zur Verf\u00fcgung zu stellen.[\/vc_column_text]<a href=\"\/wp-content\/uploads\/2019\/11\/ROCKY_brochure_WEB_DE.pdf\" target=\"_blank\" data-hover-background-color=#00a099 data-hover-border-color=#00a099 data-hover-color=#ffffff class=\"qbutton  small\" style=\"color: #ffffff; border-color: #00a099; font-style: italic; font-weight: 700; font-size: 25px; margin: 10; border-radius: 0px;-moz-border-radius: 0px;-webkit-border-radius: 0px; \">Brosch\u00fcre<\/a>[\/vc_column][\/vc_row][vc_row row_type=&#8221;row&#8221; use_row_as_full_screen_section=&#8221;no&#8221; type=&#8221;full_width&#8221; text_align=&#8221;left&#8221; background_animation=&#8221;none&#8221; css_animation=&#8221;&#8221; el_class=&#8221;riga-fifty&#8221;][vc_column][vc_column_text]<\/p>\n<div style=\"width: 1060px;\" class=\"wp-video\"><!--[if lt IE 9]><script>document.createElement('video');<\/script><![endif]-->\n<video class=\"wp-video-shortcode\" id=\"video-29617-1\" width=\"1060\" height=\"596\" preload=\"metadata\" controls=\"controls\"><source type=\"video\/mp4\" src=\"https:\/\/rocky-agri.com\/wp-content\/uploads\/2020\/10\/Rocky-Deutsch_1_1.mp4?_=1\" \/><a href=\"https:\/\/rocky-agri.com\/wp-content\/uploads\/2020\/10\/Rocky-Deutsch_1_1.mp4\">https:\/\/rocky-agri.com\/wp-content\/uploads\/2020\/10\/Rocky-Deutsch_1_1.mp4<\/a><\/video><\/div>\n<p>[\/vc_column_text][\/vc_column][\/vc_row][vc_row row_type=&#8221;row&#8221; use_row_as_full_screen_section=&#8221;no&#8221; type=&#8221;full_width&#8221; text_align=&#8221;left&#8221; background_animation=&#8221;none&#8221; css_animation=&#8221;&#8221; css=&#8221;.vc_custom_1603206521643{margin-top: 50px !important;background-color: #4d4d4d !important;}&#8221;][vc_column][vc_single_image image=&#8221;29636&#8243; img_size=&#8221;full&#8221; alignment=&#8221;center&#8221; qode_css_animation=&#8221;&#8221; el_class=&#8221;img desk&#8221;][vc_single_image image=&#8221;29635&#8243; img_size=&#8221;full&#8221; alignment=&#8221;center&#8221; qode_css_animation=&#8221;&#8221; el_class=&#8221;img mob&#8221;][\/vc_column][\/vc_row][vc_row row_type=&#8221;row&#8221; use_row_as_full_screen_section=&#8221;no&#8221; type=&#8221;full_width&#8221; anchor=&#8221;features&#8221; text_align=&#8221;center&#8221; background_animation=&#8221;none&#8221; padding_bottom=&#8221;10&#8243; css_animation=&#8221;&#8221; css=&#8221;.vc_custom_1540112699512{padding-top: 5% !important;padding-bottom: 5% !important;background-color: #4d4d4d !important;}&#8221; el_class=&#8221;features line-desk&#8221;][vc_column width=&#8221;1\/6&#8243;][vc_row_inner row_type=&#8221;row&#8221; type=&#8221;full_width&#8221; use_row_as_full_screen_section_slide=&#8221;no&#8221; text_align=&#8221;center&#8221; css_animation=&#8221;element_from_bottom&#8221; transition_delay=&#8221;0&#8243;][vc_column_inner][vc_single_image image=&#8221;30319&#8243; img_size=&#8221;full&#8221; alignment=&#8221;center&#8221; qode_css_animation=&#8221;&#8221;][vc_empty_space height=&#8221;30px&#8221;][vc_column_text]<\/p>\n<p style=\"text-align: center;\">Elektromotor<\/p>\n<p>[\/vc_column_text][\/vc_column_inner][\/vc_row_inner][\/vc_column][vc_column width=&#8221;1\/6&#8243;][vc_row_inner row_type=&#8221;row&#8221; type=&#8221;full_width&#8221; use_row_as_full_screen_section_slide=&#8221;no&#8221; text_align=&#8221;center&#8221; css_animation=&#8221;element_from_bottom&#8221; transition_delay=&#8221;150&#8243;][vc_column_inner][vc_single_image image=&#8221;30331&#8243; img_size=&#8221;full&#8221; alignment=&#8221;center&#8221; qode_css_animation=&#8221;&#8221;][vc_empty_space height=&#8221;30px&#8221;][vc_column_text]<\/p>\n<p style=\"text-align: center;\">Verbessert<\/p>\n<p style=\"text-align: center;\">die Haltung<\/p>\n<p>[\/vc_column_text][\/vc_column_inner][\/vc_row_inner][\/vc_column][vc_column width=&#8221;1\/6&#8243;][vc_row_inner row_type=&#8221;row&#8221; type=&#8221;full_width&#8221; use_row_as_full_screen_section_slide=&#8221;no&#8221; text_align=&#8221;center&#8221; css_animation=&#8221;element_from_bottom&#8221; transition_delay=&#8221;300&#8243;][vc_column_inner][vc_single_image image=&#8221;30339&#8243; img_size=&#8221;full&#8221; alignment=&#8221;center&#8221; qode_css_animation=&#8221;&#8221;][vc_empty_space height=&#8221;30px&#8221;][vc_column_text]<\/p>\n<p style=\"text-align: center;\">Erspart Zeit<br \/>\nund Geldmittel<\/p>\n<p>[\/vc_column_text][\/vc_column_inner][\/vc_row_inner][\/vc_column][vc_column width=&#8221;1\/6&#8243;][vc_row_inner row_type=&#8221;row&#8221; type=&#8221;full_width&#8221; use_row_as_full_screen_section_slide=&#8221;no&#8221; text_align=&#8221;center&#8221; css_animation=&#8221;element_from_bottom&#8221; transition_delay=&#8221;450&#8243;][vc_column_inner][vc_single_image image=&#8221;30327&#8243; img_size=&#8221;full&#8221; alignment=&#8221;center&#8221; qode_css_animation=&#8221;&#8221;][vc_empty_space height=&#8221;30px&#8221;][vc_column_text]<\/p>\n<p style=\"text-align: center;\">Funktionier t auf<br \/>\nunebenen Gel\u00e4nde<\/p>\n<p>[\/vc_column_text][\/vc_column_inner][\/vc_row_inner][\/vc_column][vc_column width=&#8221;1\/6&#8243;][vc_row_inner row_type=&#8221;row&#8221; type=&#8221;full_width&#8221; use_row_as_full_screen_section_slide=&#8221;no&#8221; text_align=&#8221;center&#8221; css_animation=&#8221;element_from_bottom&#8221; transition_delay=&#8221;0&#8243;][vc_column_inner][vc_single_image image=&#8221;30335&#8243; img_size=&#8221;full&#8221; alignment=&#8221;center&#8221; qode_css_animation=&#8221;&#8221;][vc_empty_space height=&#8221;30px&#8221;][vc_column_text]<\/p>\n<p style=\"text-align: center;\">Es wird kein<br \/>\nGeh\u00f6rschutz ben\u00f6tigt<\/p>\n<p>[\/vc_column_text][\/vc_column_inner][\/vc_row_inner][\/vc_column][vc_column width=&#8221;1\/6&#8243;][vc_row_inner row_type=&#8221;row&#8221; type=&#8221;full_width&#8221; use_row_as_full_screen_section_slide=&#8221;no&#8221; text_align=&#8221;center&#8221; css_animation=&#8221;element_from_bottom&#8221; transition_delay=&#8221;0&#8243;][vc_column_inner][vc_single_image image=&#8221;30323&#8243; img_size=&#8221;full&#8221; alignment=&#8221;center&#8221; qode_css_animation=&#8221;&#8221;][vc_empty_space height=&#8221;30px&#8221;][vc_column_text]<\/p>\n<p style=\"text-align: center;\">Personalisierbare<br \/>\nOptionals<\/p>\n<p>[\/vc_column_text][\/vc_column_inner][\/vc_row_inner][\/vc_column][\/vc_row][vc_row row_type=&#8221;row&#8221; use_row_as_full_screen_section=&#8221;no&#8221; type=&#8221;full_width&#8221; anchor=&#8221;features&#8221; text_align=&#8221;center&#8221; background_animation=&#8221;none&#8221; padding_bottom=&#8221;10&#8243; css_animation=&#8221;&#8221; css=&#8221;.vc_custom_1540112461531{padding-top: 5% !important;padding-bottom: 5% !important;background-color: #4d4d4d !important;}&#8221; el_class=&#8221;features line-mob&#8221;][vc_column width=&#8221;1\/2&#8243; offset=&#8221;vc_col-lg-6 vc_col-xs-6&#8243;][vc_row_inner row_type=&#8221;row&#8221; type=&#8221;full_width&#8221; use_row_as_full_screen_section_slide=&#8221;no&#8221; text_align=&#8221;center&#8221; css_animation=&#8221;element_from_bottom&#8221; transition_delay=&#8221;0&#8243;][vc_column_inner][vc_single_image image=&#8221;30319&#8243; img_size=&#8221;full&#8221; alignment=&#8221;center&#8221; qode_css_animation=&#8221;&#8221;][vc_empty_space height=&#8221;30px&#8221;][vc_column_text]<\/p>\n<p style=\"text-align: center;\">Elektromotor<\/p>\n<p>[\/vc_column_text][\/vc_column_inner][\/vc_row_inner][vc_row_inner row_type=&#8221;row&#8221; type=&#8221;full_width&#8221; use_row_as_full_screen_section_slide=&#8221;no&#8221; text_align=&#8221;center&#8221; css_animation=&#8221;element_from_bottom&#8221; transition_delay=&#8221;300&#8243;][vc_column_inner][vc_single_image image=&#8221;30339&#8243; img_size=&#8221;full&#8221; alignment=&#8221;center&#8221; qode_css_animation=&#8221;&#8221;][vc_empty_space height=&#8221;30px&#8221;][vc_column_text]<\/p>\n<p style=\"text-align: center;\">Erspart Zeit<br \/>\nund Geldmittel<\/p>\n<p>[\/vc_column_text][\/vc_column_inner][\/vc_row_inner][vc_row_inner row_type=&#8221;row&#8221; type=&#8221;full_width&#8221; use_row_as_full_screen_section_slide=&#8221;no&#8221; text_align=&#8221;center&#8221; css_animation=&#8221;element_from_bottom&#8221; transition_delay=&#8221;0&#8243;][vc_column_inner][vc_single_image image=&#8221;30335&#8243; img_size=&#8221;full&#8221; alignment=&#8221;center&#8221; qode_css_animation=&#8221;&#8221;][vc_empty_space height=&#8221;30px&#8221;][vc_column_text]<\/p>\n<p style=\"text-align: center;\">Es wird kein<\/p>\n<p style=\"text-align: center;\">Geh\u00f6rschutz ben\u00f6tigt<\/p>\n<p>[\/vc_column_text][\/vc_column_inner][\/vc_row_inner][\/vc_column][vc_column width=&#8221;1\/2&#8243; offset=&#8221;vc_col-lg-6 vc_col-xs-6&#8243;][vc_row_inner row_type=&#8221;row&#8221; type=&#8221;full_width&#8221; use_row_as_full_screen_section_slide=&#8221;no&#8221; text_align=&#8221;center&#8221; css_animation=&#8221;element_from_bottom&#8221; transition_delay=&#8221;150&#8243;][vc_column_inner][vc_single_image image=&#8221;30331&#8243; img_size=&#8221;full&#8221; alignment=&#8221;center&#8221; qode_css_animation=&#8221;&#8221;][vc_empty_space height=&#8221;30px&#8221;][vc_column_text]<\/p>\n<p style=\"text-align: center;\">Verbessert die Haltung<\/p>\n<p>[\/vc_column_text][\/vc_column_inner][\/vc_row_inner][vc_row_inner row_type=&#8221;row&#8221; type=&#8221;full_width&#8221; use_row_as_full_screen_section_slide=&#8221;no&#8221; text_align=&#8221;center&#8221; css_animation=&#8221;element_from_bottom&#8221; transition_delay=&#8221;450&#8243;][vc_column_inner][vc_single_image image=&#8221;30327&#8243; img_size=&#8221;full&#8221; alignment=&#8221;center&#8221; qode_css_animation=&#8221;&#8221;][vc_empty_space height=&#8221;30px&#8221;][vc_column_text]<\/p>\n<p style=\"text-align: center;\">Funktionier t auf<br \/>\nunebenen Gel\u00e4nde<\/p>\n<p>[\/vc_column_text][\/vc_column_inner][\/vc_row_inner][vc_row_inner row_type=&#8221;row&#8221; type=&#8221;full_width&#8221; use_row_as_full_screen_section_slide=&#8221;no&#8221; text_align=&#8221;center&#8221; css_animation=&#8221;element_from_bottom&#8221; transition_delay=&#8221;0&#8243;][vc_column_inner][vc_single_image image=&#8221;30323&#8243; img_size=&#8221;full&#8221; alignment=&#8221;center&#8221; qode_css_animation=&#8221;&#8221;][vc_empty_space height=&#8221;30px&#8221;][vc_column_text]<\/p>\n<p style=\"text-align: center;\">Personalisierbare<br \/>\nOptionals<\/p>\n<p>[\/vc_column_text][\/vc_column_inner][\/vc_row_inner][\/vc_column][\/vc_row][vc_row row_type=&#8221;row&#8221; use_row_as_full_screen_section=&#8221;no&#8221; type=&#8221;full_width&#8221; text_align=&#8221;left&#8221; background_animation=&#8221;none&#8221; css_animation=&#8221;&#8221; css=&#8221;.vc_custom_1545297712574{background-color: #4d4d4d !important;}&#8221; el_id=&#8221;utilizzo&#8221;][vc_column][layerslider_vc id=&#8221;1&#8243; el_class=&#8221;desk&#8221;][layerslider_vc id=&#8221;2&#8243; el_class=&#8221;mob&#8221;][\/vc_column][\/vc_row][vc_row row_type=&#8221;row&#8221; use_row_as_full_screen_section=&#8221;no&#8221; type=&#8221;full_width&#8221; text_align=&#8221;left&#8221; background_animation=&#8221;none&#8221; css_animation=&#8221;&#8221; css=&#8221;.vc_custom_1545296902439{padding-top: 60px !important;padding-bottom: 60px !important;background-color: #4d4d4d !important;}&#8221;][vc_column css=&#8221;.vc_custom_1545243694375{padding-top: 50px !important;padding-bottom: 50px !important;}&#8221; el_class=&#8221;riga-fifty&#8221;][vc_column_text el_class=&#8221;white&#8221;]<\/p>\n<h3>Wo kann Rocky eingesetzt werden?<\/h3>\n<p>Rocky \u00e8 pensato per le lavorazioni agricole ripetitive che richiedono il piegamento del corpo e spostamenti laterali. Trova numerosi campi e modalit\u00e0 di applicazione: vigneti, varie coltivazioni di frutta e verdura, serre e allevamenti.[\/vc_column_text][vc_row_inner row_type=&#8221;row&#8221; type=&#8221;full_width&#8221; use_row_as_full_screen_section_slide=&#8221;no&#8221; text_align=&#8221;left&#8221; css_animation=&#8221;&#8221; el_id=&#8221;funziona&#8221;][vc_column_inner][\/vc_column_inner][\/vc_row_inner][\/vc_column][\/vc_row][vc_row row_type=&#8221;row&#8221; use_row_as_full_screen_section=&#8221;no&#8221; type=&#8221;grid&#8221; anchor=&#8221;about2&#8243; text_align=&#8221;left&#8221; background_image=&#8221;28957&#8243; background_animation=&#8221;none&#8221; padding_top=&#8221;10&#8243; padding_bottom=&#8221;76&#8243; css_animation=&#8221;&#8221; el_class=&#8221;first-row&#8221; el_id=&#8221;come-funziona&#8221;][vc_column css=&#8221;.vc_custom_1541434282995{margin-top: -10px !important;padding-top: 80px !important;}&#8221;][qode_elements_holder number_of_columns=&#8221;two_columns&#8221;][qode_elements_holder_item vertical_alignment=&#8221;middle&#8221; item_padding_768_1024=&#8221;0 0 0 0&#8243; item_padding_600_768=&#8221;0% 0 0 0%&#8221; item_padding_480_600=&#8221;0 0 0 0&#8243; item_padding_480=&#8221;0 0 0 0&#8243;][vc_single_image image=&#8221;30704&#8243; img_size=&#8221;full&#8221; qode_css_animation=&#8221;&#8221;][\/qode_elements_holder_item][qode_elements_holder_item item_padding=&#8221;10% 0 10% 15%&#8221; vertical_alignment=&#8221;middle&#8221; item_padding_768_1024=&#8221;17% 0 0 1%&#8221; item_padding_600_768=&#8221;3% 0 0 5%&#8221; item_padding_480_600=&#8221;0 0 0 1%&#8221; item_padding_480=&#8221;0 0 0 1%&#8221;][vc_empty_space height=&#8221;31px&#8221;][vc_column_text el_class=&#8221;text-p&#8221;]<\/p>\n<h3><b>Wie funktioniert<\/b> Rocky?<\/h3>\n<p>Die Steuerung des Ger\u00e4ts ist sehr leicht und intuitiv. Es werden keine speziellen F\u00fchrerscheine ben\u00f6tigt..<\/p>\n<p>&nbsp;<\/p>\n<p>Der patentierte \u201eSitz-Antrieb\u201c erm\u00f6glicht den Antrieb durch kleine Bewegungen des Beckens\/der Beine und h\u00e4lt somit die H\u00e4nde frei. Die Bewegung t\u00e4tigt den Elektromotor und durch das Auf- und Abneigen des K\u00f6rpers wird die Maschine gelenkt.<\/p>\n<p>&nbsp;<\/p>\n<p class=\"piccolo\">Man empfiehlt genaues Durchlesen der Gebrauchsanweisungen.<\/p>\n<p>[\/vc_column_text]<a href=\"\/modelle\" target=\"_blank\" data-hover-background-color=#00a099 data-hover-border-color=#00a099 data-hover-color=#ffffff class=\"qbutton  small\" style=\"color: #4d4d4d; border-color: #00a099; font-style: italic; font-weight: 700; font-size: 25px; margin: 10; border-radius: 0px;-moz-border-radius: 0px;-webkit-border-radius: 0px; \">MODELLE<\/a>[vc_empty_space height=&#8221;31px&#8221;][vc_empty_space height=&#8221;40px&#8221;][vc_single_image image=&#8221;29631&#8243; img_size=&#8221;full&#8221; alignment=&#8221;right&#8221; qode_css_animation=&#8221;&#8221; el_class=&#8221;negative&#8221; el_id=&#8221;otpional&#8221;][\/qode_elements_holder_item][\/qode_elements_holder][vc_row_inner row_type=&#8221;row&#8221; type=&#8221;full_width&#8221; use_row_as_full_screen_section_slide=&#8221;no&#8221; text_align=&#8221;left&#8221; css_animation=&#8221;&#8221; el_id=&#8221;otpional&#8221;][vc_column_inner][\/vc_column_inner][\/vc_row_inner][\/vc_column][\/vc_row][vc_row row_type=&#8221;row&#8221; use_row_as_full_screen_section=&#8221;no&#8221; type=&#8221;grid&#8221; anchor=&#8221;clients&#8221; text_align=&#8221;center&#8221; background_image=&#8221;28999&#8243; background_animation=&#8221;none&#8221; css_animation=&#8221;&#8221; css=&#8221;.vc_custom_1542189871318{padding-top: 5% !important;padding-bottom: 5% !important;}&#8221; el_class=&#8221;form&#8221; el_id=&#8221;contact&#8221;][vc_column][vc_column_text css=&#8221;.vc_custom_1545296726186{margin-bottom: 30px !important;}&#8221;]<\/p>\n<h3 style=\"text-align: left; color: white;\"><b>Kontaktiere uns!<\/b> Unser Team ist verf\u00fcgbar<\/h3>\n<p>[\/vc_column_text]\n<div class=\"wpcf7 no-js\" id=\"wpcf7-f29679-o1\" lang=\"it-IT\" dir=\"ltr\">\n<div class=\"screen-reader-response\"><p role=\"status\" aria-live=\"polite\" aria-atomic=\"true\"><\/p> <ul><\/ul><\/div>\n<form action=\"\/de\/wp-json\/wp\/v2\/pages\/29617#wpcf7-f29679-o1\" method=\"post\" class=\"wpcf7-form init default\" aria-label=\"Modulo di contatto\" novalidate=\"novalidate\" data-status=\"init\">\n<div style=\"display: none;\">\n<input type=\"hidden\" name=\"_wpcf7\" value=\"29679\" \/>\n<input type=\"hidden\" name=\"_wpcf7_version\" value=\"5.8.5\" \/>\n<input type=\"hidden\" name=\"_wpcf7_locale\" value=\"it_IT\" \/>\n<input type=\"hidden\" name=\"_wpcf7_unit_tag\" value=\"wpcf7-f29679-o1\" \/>\n<input type=\"hidden\" name=\"_wpcf7_container_post\" value=\"0\" \/>\n<input type=\"hidden\" name=\"_wpcf7_posted_data_hash\" value=\"\" \/>\n<input type=\"hidden\" name=\"_wpcf7_recaptcha_response\" value=\"\" \/>\n<\/div>\n<p><label> Name<br \/>\n<span class=\"wpcf7-form-control-wrap\" data-name=\"text-644\"><input size=\"40\" class=\"wpcf7-form-control wpcf7-text wpcf7-validates-as-required\" aria-required=\"true\" aria-invalid=\"false\" value=\"\" type=\"text\" name=\"text-644\" \/><\/span> <\/label>\n<\/p>\n<p><label> Unternehmen<br \/>\n<span class=\"wpcf7-form-control-wrap\" data-name=\"text-645\"><input size=\"40\" class=\"wpcf7-form-control wpcf7-text\" aria-invalid=\"false\" value=\"\" type=\"text\" name=\"text-645\" \/><\/span> <\/label>\n<\/p>\n<p><label> Email<br \/>\n<span class=\"wpcf7-form-control-wrap\" data-name=\"your-email\"><input size=\"40\" class=\"wpcf7-form-control wpcf7-email wpcf7-validates-as-required wpcf7-text wpcf7-validates-as-email\" aria-required=\"true\" aria-invalid=\"false\" value=\"\" type=\"email\" name=\"your-email\" \/><\/span> <\/label>\n<\/p>\n<p><label>Nachricht<br \/>\n<span class=\"wpcf7-form-control-wrap\" data-name=\"your-message\"><textarea cols=\"40\" rows=\"10\" class=\"wpcf7-form-control wpcf7-textarea\" aria-invalid=\"false\" name=\"your-message\"><\/textarea><\/span> <\/label><br \/>\n<label><br \/>\n<span class=\"wpcf7-form-control-wrap\" data-name=\"privay\"><span class=\"wpcf7-form-control wpcf7-acceptance\"><span class=\"wpcf7-list-item\"><input type=\"checkbox\" name=\"privay\" value=\"1\" aria-invalid=\"false\" \/><\/span><\/span><\/span>Ich habe die Bestimmungen und Bedingungen zur Einhaltung der <a href=\"\/privacy-policy\/\">privacy policy<\/a><br \/>\n<\/label>\n<\/p>\n<p><span class=\"wpcf7-form-control-wrap\" data-name=\"acceptance-854\"><span class=\"wpcf7-form-control wpcf7-acceptance optional\"><span class=\"wpcf7-list-item\"><label><input type=\"checkbox\" name=\"acceptance-854\" value=\"1\" aria-invalid=\"false\" \/><span class=\"wpcf7-list-item-label\">Ich m\u00f6chte mich f\u00fcr den Newsletter anmelden<\/span><\/label><\/span><\/span><\/span>\n<\/p>\n<p><input class=\"wpcf7-form-control wpcf7-submit has-spinner\" type=\"submit\" value=\"senden\" \/>\n<\/p><div class=\"wpcf7-response-output\" aria-hidden=\"true\"><\/div>\n<\/form>\n<\/div>\n[\/vc_column][\/vc_row]<\/p>\n<\/div>","protected":false},"excerpt":{"rendered":"<p>[vc_row row_type=&#8221;row&#8221; use_row_as_full_screen_section=&#8221;no&#8221; type=&#8221;full_width&#8221; text_align=&#8221;left&#8221; background_animation=&#8221;none&#8221; css_animation=&#8221;&#8221; css=&#8221;.vc_custom_1545296864892{padding-top: 60px !important;padding-bottom: 60px !important;background-color: #4d4d4d !important;}&#8221; el_id=&#8221;cosa&#8221;][vc_column css=&#8221;.vc_custom_1545243682868{padding-top: 30px !important;padding-bottom: 30px !important;}&#8221; el_class=&#8221;riga-fifty&#8221;][vc_column_text el_class=&#8221;white&#8221;] Was Ist Rocky? Rocky ist ein batteriebetriebener Sitzwagen\u00a0f\u00fcr die Landwirtschaft. Dank unserem patentierten System, erm\u00f6glicht Rocky sowohl Zeit- als auch Geld- und Energieersparnis&#8230;.<\/p>\n","protected":false},"author":1,"featured_media":0,"parent":0,"menu_order":0,"comment_status":"closed","ping_status":"closed","template":"full_width.php","meta":{"footnotes":""},"yoast_head":"<!-- This site is optimized with the Yoast SEO plugin v21.7 - https:\/\/yoast.com\/wordpress\/plugins\/seo\/ -->\n<title>Home - Rocky<\/title>\n<meta name=\"robots\" content=\"index, follow, max-snippet:-1, max-image-preview:large, max-video-preview:-1\" \/>\n<link rel=\"canonical\" href=\"https:\/\/rocky-agri.com\/\" \/>\n<meta property=\"og:locale\" content=\"de_DE\" \/>\n<meta property=\"og:type\" content=\"article\" \/>\n<meta property=\"og:title\" content=\"Home - Rocky\" \/>\n<meta property=\"og:description\" content=\"[vc_row row_type=&#8221;row&#8221; use_row_as_full_screen_section=&#8221;no&#8221; type=&#8221;full_width&#8221; text_align=&#8221;left&#8221; background_animation=&#8221;none&#8221; css_animation=&#8221;&#8221; css=&#8221;.vc_custom_1545296864892{padding-top: 60px !important;padding-bottom: 60px !important;background-color: #4d4d4d !important;}&#8221; el_id=&#8221;cosa&#8221;][vc_column css=&#8221;.vc_custom_1545243682868{padding-top: 30px !important;padding-bottom: 30px !important;}&#8221; el_class=&#8221;riga-fifty&#8221;][vc_column_text el_class=&#8221;white&#8221;] Was Ist Rocky? Rocky ist ein batteriebetriebener Sitzwagen\u00a0f\u00fcr die Landwirtschaft. Dank unserem patentierten System, erm\u00f6glicht Rocky sowohl Zeit- als auch Geld- und Energieersparnis....\" \/>\n<meta property=\"og:url\" content=\"https:\/\/rocky-agri.com\/\" \/>\n<meta property=\"og:site_name\" content=\"Rocky\" \/>\n<meta property=\"article:modified_time\" content=\"2023-06-14T07:45:22+00:00\" \/>\n<meta name=\"twitter:card\" content=\"summary_large_image\" \/>\n<meta name=\"twitter:label1\" content=\"Gesch\u00e4tzte Lesezeit\" \/>\n\t<meta name=\"twitter:data1\" content=\"9\u00a0Minuten\" \/>\n<script type=\"application\/ld+json\" class=\"yoast-schema-graph\">{\"@context\":\"https:\/\/schema.org\",\"@graph\":[{\"@type\":\"WebPage\",\"@id\":\"https:\/\/rocky-agri.com\/\",\"url\":\"https:\/\/rocky-agri.com\/\",\"name\":\"Home - Rocky\",\"isPartOf\":{\"@id\":\"https:\/\/rocky-agri.com\/#website\"},\"datePublished\":\"2016-03-15T09:53:09+00:00\",\"dateModified\":\"2023-06-14T07:45:22+00:00\",\"breadcrumb\":{\"@id\":\"https:\/\/rocky-agri.com\/#breadcrumb\"},\"inLanguage\":\"de\",\"potentialAction\":[{\"@type\":\"ReadAction\",\"target\":[\"https:\/\/rocky-agri.com\/\"]}]},{\"@type\":\"BreadcrumbList\",\"@id\":\"https:\/\/rocky-agri.com\/#breadcrumb\",\"itemListElement\":[{\"@type\":\"ListItem\",\"position\":1,\"name\":\"Home\",\"item\":\"https:\/\/rocky-agri.com\/\"},{\"@type\":\"ListItem\",\"position\":2,\"name\":\"Home\"}]},{\"@type\":\"WebSite\",\"@id\":\"https:\/\/rocky-agri.com\/#website\",\"url\":\"https:\/\/rocky-agri.com\/\",\"name\":\"Rocky\",\"description\":\"L&#039;agevolatore agricolo per il filare\",\"potentialAction\":[{\"@type\":\"SearchAction\",\"target\":{\"@type\":\"EntryPoint\",\"urlTemplate\":\"https:\/\/rocky-agri.com\/?s={search_term_string}\"},\"query-input\":\"required name=search_term_string\"}],\"inLanguage\":\"de\"}]}<\/script>\n<!-- \/ Yoast SEO plugin. -->","yoast_head_json":{"title":"Home - Rocky","robots":{"index":"index","follow":"follow","max-snippet":"max-snippet:-1","max-image-preview":"max-image-preview:large","max-video-preview":"max-video-preview:-1"},"canonical":"https:\/\/rocky-agri.com\/","og_locale":"de_DE","og_type":"article","og_title":"Home - Rocky","og_description":"[vc_row row_type=&#8221;row&#8221; use_row_as_full_screen_section=&#8221;no&#8221; type=&#8221;full_width&#8221; text_align=&#8221;left&#8221; background_animation=&#8221;none&#8221; css_animation=&#8221;&#8221; css=&#8221;.vc_custom_1545296864892{padding-top: 60px !important;padding-bottom: 60px !important;background-color: #4d4d4d !important;}&#8221; el_id=&#8221;cosa&#8221;][vc_column css=&#8221;.vc_custom_1545243682868{padding-top: 30px !important;padding-bottom: 30px !important;}&#8221; el_class=&#8221;riga-fifty&#8221;][vc_column_text el_class=&#8221;white&#8221;] Was Ist Rocky? Rocky ist ein batteriebetriebener Sitzwagen\u00a0f\u00fcr die Landwirtschaft. Dank unserem patentierten System, erm\u00f6glicht Rocky sowohl Zeit- als auch Geld- und Energieersparnis....","og_url":"https:\/\/rocky-agri.com\/","og_site_name":"Rocky","article_modified_time":"2023-06-14T07:45:22+00:00","twitter_card":"summary_large_image","twitter_misc":{"Gesch\u00e4tzte Lesezeit":"9\u00a0Minuten"},"schema":{"@context":"https:\/\/schema.org","@graph":[{"@type":"WebPage","@id":"https:\/\/rocky-agri.com\/","url":"https:\/\/rocky-agri.com\/","name":"Home - Rocky","isPartOf":{"@id":"https:\/\/rocky-agri.com\/#website"},"datePublished":"2016-03-15T09:53:09+00:00","dateModified":"2023-06-14T07:45:22+00:00","breadcrumb":{"@id":"https:\/\/rocky-agri.com\/#breadcrumb"},"inLanguage":"de","potentialAction":[{"@type":"ReadAction","target":["https:\/\/rocky-agri.com\/"]}]},{"@type":"BreadcrumbList","@id":"https:\/\/rocky-agri.com\/#breadcrumb","itemListElement":[{"@type":"ListItem","position":1,"name":"Home","item":"https:\/\/rocky-agri.com\/"},{"@type":"ListItem","position":2,"name":"Home"}]},{"@type":"WebSite","@id":"https:\/\/rocky-agri.com\/#website","url":"https:\/\/rocky-agri.com\/","name":"Rocky","description":"L&#039;agevolatore agricolo per il filare","potentialAction":[{"@type":"SearchAction","target":{"@type":"EntryPoint","urlTemplate":"https:\/\/rocky-agri.com\/?s={search_term_string}"},"query-input":"required name=search_term_string"}],"inLanguage":"de"}]}},"_links":{"self":[{"href":"https:\/\/rocky-agri.com\/de\/wp-json\/wp\/v2\/pages\/29617"}],"collection":[{"href":"https:\/\/rocky-agri.com\/de\/wp-json\/wp\/v2\/pages"}],"about":[{"href":"https:\/\/rocky-agri.com\/de\/wp-json\/wp\/v2\/types\/page"}],"author":[{"embeddable":true,"href":"https:\/\/rocky-agri.com\/de\/wp-json\/wp\/v2\/users\/1"}],"replies":[{"embeddable":true,"href":"https:\/\/rocky-agri.com\/de\/wp-json\/wp\/v2\/comments?post=29617"}],"version-history":[{"count":26,"href":"https:\/\/rocky-agri.com\/de\/wp-json\/wp\/v2\/pages\/29617\/revisions"}],"predecessor-version":[{"id":32630,"href":"https:\/\/rocky-agri.com\/de\/wp-json\/wp\/v2\/pages\/29617\/revisions\/32630"}],"wp:attachment":[{"href":"https:\/\/rocky-agri.com\/de\/wp-json\/wp\/v2\/media?parent=29617"}],"curies":[{"name":"wp","href":"https:\/\/api.w.org\/{rel}","templated":true}]}}