{"id":29586,"date":"2016-03-15T09:53:09","date_gmt":"2016-03-15T09:53:09","guid":{"rendered":"https:\/\/rocky-agri.com\/app-landing\/"},"modified":"2023-06-14T09:44:46","modified_gmt":"2023-06-14T07:44:46","slug":"app-landing","status":"publish","type":"page","link":"https:\/\/rocky-agri.com\/fr\/","title":{"rendered":"Home"},"content":{"rendered":"<div class=\"wpb-content-wrapper\"><p>[vc_row row_type=&#8221;row&#8221; use_row_as_full_screen_section=&#8221;no&#8221; type=&#8221;full_width&#8221; text_align=&#8221;left&#8221; background_animation=&#8221;none&#8221; css_animation=&#8221;&#8221; css=&#8221;.vc_custom_1545296864892{padding-top: 60px !important;padding-bottom: 60px !important;background-color: #4d4d4d !important;}&#8221; el_id=&#8221;cosa&#8221;][vc_column css=&#8221;.vc_custom_1545243682868{padding-top: 30px !important;padding-bottom: 30px !important;}&#8221; el_class=&#8221;riga-fifty&#8221;][vc_column_text el_class=&#8221;white&#8221;]<\/p>\n<h3>Qu&#8217;est-ce que Rocky?<\/h3>\n<p>Rocky est un facilitateur agricole avec un moteur \u00e9lectrique.<br \/>\nGr\u00e2ce \u00e0 notre syst\u00e8me brevet\u00e9 et au soin apport\u00e9 \u00e0 la conception, Rocky vous permet de r\u00e9duire les temps, la fatigue physique et les co\u00fbts, en am\u00e9liorant les conditions de travail manuel dans votre production agricole.<\/p>\n<p>&nbsp;<\/p>\n<p>Notre objectif est d&#8217;offrir un service optimal et un produit professionnel \u00e9cologique, innovant et de qualit\u00e9 made in Italy.[\/vc_column_text]<a href=\"\/wp-content\/uploads\/2019\/11\/ROCKY_brochure_WEB_FR.pdf\" target=\"_self\" data-hover-background-color=#00a099 data-hover-border-color=#00a099 data-hover-color=#ffffff class=\"qbutton  small\" style=\"color: #ffffff; border-color: #00a099; font-style: italic; font-weight: 700; font-size: 25pxpx; margin: 10px; border-radius: 0pxpx;-moz-border-radius: 0pxpx;-webkit-border-radius: 0pxpx; \">t\u00e9l\u00e9charger la brochure<\/a>[\/vc_column][\/vc_row][vc_row row_type=&#8221;row&#8221; use_row_as_full_screen_section=&#8221;no&#8221; type=&#8221;full_width&#8221; text_align=&#8221;left&#8221; background_animation=&#8221;none&#8221; css_animation=&#8221;&#8221; el_class=&#8221;riga-fifty&#8221;][vc_column][vc_column_text]<\/p>\n<div style=\"width: 1060px;\" class=\"wp-video\"><!--[if lt IE 9]><script>document.createElement('video');<\/script><![endif]-->\n<video class=\"wp-video-shortcode\" id=\"video-29586-1\" width=\"1060\" height=\"596\" preload=\"metadata\" controls=\"controls\"><source type=\"video\/mp4\" src=\"https:\/\/rocky-agri.com\/wp-content\/uploads\/2020\/10\/Rocky-France_1.mp4?_=1\" \/><a href=\"https:\/\/rocky-agri.com\/wp-content\/uploads\/2020\/10\/Rocky-France_1.mp4\">https:\/\/rocky-agri.com\/wp-content\/uploads\/2020\/10\/Rocky-France_1.mp4<\/a><\/video><\/div>\n<p>[\/vc_column_text][\/vc_column][\/vc_row][vc_row row_type=&#8221;row&#8221; use_row_as_full_screen_section=&#8221;no&#8221; type=&#8221;full_width&#8221; text_align=&#8221;left&#8221; background_animation=&#8221;none&#8221; css_animation=&#8221;&#8221; css=&#8221;.vc_custom_1603206405829{margin-top: 50px !important;background-color: #4d4d4d !important;}&#8221;][vc_column][vc_single_image image=&#8221;29607&#8243; img_size=&#8221;full&#8221; alignment=&#8221;center&#8221; qode_css_animation=&#8221;&#8221; el_class=&#8221;img desk&#8221;][vc_single_image image=&#8221;29606&#8243; img_size=&#8221;full&#8221; alignment=&#8221;center&#8221; qode_css_animation=&#8221;&#8221; el_class=&#8221;img mob&#8221;][\/vc_column][\/vc_row][vc_row row_type=&#8221;row&#8221; use_row_as_full_screen_section=&#8221;no&#8221; type=&#8221;full_width&#8221; anchor=&#8221;features&#8221; text_align=&#8221;center&#8221; background_animation=&#8221;none&#8221; padding_bottom=&#8221;10&#8243; css_animation=&#8221;&#8221; css=&#8221;.vc_custom_1540112699512{padding-top: 5% !important;padding-bottom: 5% !important;background-color: #4d4d4d !important;}&#8221; el_class=&#8221;features line-desk&#8221;][vc_column width=&#8221;1\/6&#8243;][vc_row_inner row_type=&#8221;row&#8221; type=&#8221;full_width&#8221; use_row_as_full_screen_section_slide=&#8221;no&#8221; text_align=&#8221;center&#8221; css_animation=&#8221;element_from_bottom&#8221; transition_delay=&#8221;0&#8243;][vc_column_inner][vc_single_image image=&#8221;30318&#8243; img_size=&#8221;full&#8221; alignment=&#8221;center&#8221; qode_css_animation=&#8221;&#8221;][vc_empty_space height=&#8221;30px&#8221;][vc_column_text]<\/p>\n<p style=\"text-align: center;\">Moteur \u00e9lectrique<\/p>\n<p>[\/vc_column_text][\/vc_column_inner][\/vc_row_inner][\/vc_column][vc_column width=&#8221;1\/6&#8243;][vc_row_inner row_type=&#8221;row&#8221; type=&#8221;full_width&#8221; use_row_as_full_screen_section_slide=&#8221;no&#8221; text_align=&#8221;center&#8221; css_animation=&#8221;element_from_bottom&#8221; transition_delay=&#8221;150&#8243;][vc_column_inner][vc_single_image image=&#8221;30330&#8243; img_size=&#8221;full&#8221; alignment=&#8221;center&#8221; qode_css_animation=&#8221;&#8221;][vc_empty_space height=&#8221;30px&#8221;][vc_column_text]<\/p>\n<p style=\"text-align: center;\">Am\u00e9liore la posture<\/p>\n<p>[\/vc_column_text][\/vc_column_inner][\/vc_row_inner][\/vc_column][vc_column width=&#8221;1\/6&#8243;][vc_row_inner row_type=&#8221;row&#8221; type=&#8221;full_width&#8221; use_row_as_full_screen_section_slide=&#8221;no&#8221; text_align=&#8221;center&#8221; css_animation=&#8221;element_from_bottom&#8221; transition_delay=&#8221;300&#8243;][vc_column_inner][vc_single_image image=&#8221;30338&#8243; img_size=&#8221;full&#8221; alignment=&#8221;center&#8221; qode_css_animation=&#8221;&#8221;][vc_empty_space height=&#8221;30px&#8221;][vc_column_text]<\/p>\n<p style=\"text-align: center;\">Am\u00e9liore le temps<br \/>\net les co\u00fbts<\/p>\n<p>[\/vc_column_text][\/vc_column_inner][\/vc_row_inner][\/vc_column][vc_column width=&#8221;1\/6&#8243;][vc_row_inner row_type=&#8221;row&#8221; type=&#8221;full_width&#8221; use_row_as_full_screen_section_slide=&#8221;no&#8221; text_align=&#8221;center&#8221; css_animation=&#8221;element_from_bottom&#8221; transition_delay=&#8221;450&#8243;][vc_column_inner][vc_single_image image=&#8221;30326&#8243; img_size=&#8221;full&#8221; alignment=&#8221;center&#8221; qode_css_animation=&#8221;&#8221;][vc_empty_space height=&#8221;30px&#8221;][vc_column_text]<\/p>\n<p style=\"text-align: center;\">Plusieurs niveaux<br \/>\nde fonctionnement<\/p>\n<p>[\/vc_column_text][\/vc_column_inner][\/vc_row_inner][\/vc_column][vc_column width=&#8221;1\/6&#8243;][vc_row_inner row_type=&#8221;row&#8221; type=&#8221;full_width&#8221; use_row_as_full_screen_section_slide=&#8221;no&#8221; text_align=&#8221;center&#8221; css_animation=&#8221;element_from_bottom&#8221; transition_delay=&#8221;0&#8243;][vc_column_inner][vc_single_image image=&#8221;30334&#8243; img_size=&#8221;full&#8221; alignment=&#8221;center&#8221; qode_css_animation=&#8221;&#8221;][vc_empty_space height=&#8221;30px&#8221;][vc_column_text]<\/p>\n<p style=\"text-align: center;\">l ne n\u00e9cessite pas<br \/>\nde protections acoustiques<\/p>\n<p>[\/vc_column_text][\/vc_column_inner][\/vc_row_inner][\/vc_column][vc_column width=&#8221;1\/6&#8243;][vc_row_inner row_type=&#8221;row&#8221; type=&#8221;full_width&#8221; use_row_as_full_screen_section_slide=&#8221;no&#8221; text_align=&#8221;center&#8221; css_animation=&#8221;element_from_bottom&#8221; transition_delay=&#8221;0&#8243;][vc_column_inner][vc_single_image image=&#8221;30322&#8243; img_size=&#8221;full&#8221; alignment=&#8221;center&#8221; qode_css_animation=&#8221;&#8221;][vc_empty_space height=&#8221;30px&#8221;][vc_column_text]<\/p>\n<p style=\"text-align: center;\">Options<br \/>\npersonnalisables<\/p>\n<p>[\/vc_column_text][\/vc_column_inner][\/vc_row_inner][\/vc_column][\/vc_row][vc_row row_type=&#8221;row&#8221; use_row_as_full_screen_section=&#8221;no&#8221; type=&#8221;full_width&#8221; anchor=&#8221;features&#8221; text_align=&#8221;center&#8221; background_animation=&#8221;none&#8221; padding_bottom=&#8221;10&#8243; css_animation=&#8221;&#8221; css=&#8221;.vc_custom_1540112461531{padding-top: 5% !important;padding-bottom: 5% !important;background-color: #4d4d4d !important;}&#8221; el_class=&#8221;features line-mob&#8221;][vc_column width=&#8221;1\/2&#8243; offset=&#8221;vc_col-lg-6 vc_col-xs-6&#8243;][vc_row_inner row_type=&#8221;row&#8221; type=&#8221;full_width&#8221; use_row_as_full_screen_section_slide=&#8221;no&#8221; text_align=&#8221;center&#8221; css_animation=&#8221;element_from_bottom&#8221; transition_delay=&#8221;0&#8243;][vc_column_inner][vc_single_image image=&#8221;30318&#8243; img_size=&#8221;full&#8221; alignment=&#8221;center&#8221; qode_css_animation=&#8221;&#8221;][vc_empty_space height=&#8221;30px&#8221;][vc_column_text]<\/p>\n<p style=\"text-align: center;\">Moteur \u00e9lectrique<\/p>\n<p>[\/vc_column_text][\/vc_column_inner][\/vc_row_inner][vc_row_inner row_type=&#8221;row&#8221; type=&#8221;full_width&#8221; use_row_as_full_screen_section_slide=&#8221;no&#8221; text_align=&#8221;center&#8221; css_animation=&#8221;element_from_bottom&#8221; transition_delay=&#8221;300&#8243;][vc_column_inner][vc_single_image image=&#8221;30338&#8243; img_size=&#8221;full&#8221; alignment=&#8221;center&#8221; qode_css_animation=&#8221;&#8221;][vc_empty_space height=&#8221;30px&#8221;][vc_column_text]<\/p>\n<p style=\"text-align: center;\">Am\u00e9liore le temps<br \/>\net les co\u00fbts<\/p>\n<p>[\/vc_column_text][\/vc_column_inner][\/vc_row_inner][vc_row_inner row_type=&#8221;row&#8221; type=&#8221;full_width&#8221; use_row_as_full_screen_section_slide=&#8221;no&#8221; text_align=&#8221;center&#8221; css_animation=&#8221;element_from_bottom&#8221; transition_delay=&#8221;0&#8243;][vc_column_inner][vc_single_image image=&#8221;30334&#8243; img_size=&#8221;full&#8221; alignment=&#8221;center&#8221; qode_css_animation=&#8221;&#8221;][vc_empty_space height=&#8221;30px&#8221;][vc_column_text]<\/p>\n<p style=\"text-align: center;\">l ne n\u00e9cessite pas<br \/>\nde protections acoustiques<\/p>\n<p>[\/vc_column_text][\/vc_column_inner][\/vc_row_inner][\/vc_column][vc_column width=&#8221;1\/2&#8243; offset=&#8221;vc_col-lg-6 vc_col-xs-6&#8243;][vc_row_inner row_type=&#8221;row&#8221; type=&#8221;full_width&#8221; use_row_as_full_screen_section_slide=&#8221;no&#8221; text_align=&#8221;center&#8221; css_animation=&#8221;element_from_bottom&#8221; transition_delay=&#8221;150&#8243;][vc_column_inner][vc_single_image image=&#8221;30330&#8243; img_size=&#8221;full&#8221; alignment=&#8221;center&#8221; qode_css_animation=&#8221;&#8221;][vc_empty_space height=&#8221;30px&#8221;][vc_column_text]<\/p>\n<p style=\"text-align: center;\">Am\u00e9liore la posture<\/p>\n<p>[\/vc_column_text][\/vc_column_inner][\/vc_row_inner][vc_row_inner row_type=&#8221;row&#8221; type=&#8221;full_width&#8221; use_row_as_full_screen_section_slide=&#8221;no&#8221; text_align=&#8221;center&#8221; css_animation=&#8221;element_from_bottom&#8221; transition_delay=&#8221;450&#8243;][vc_column_inner][vc_single_image image=&#8221;30326&#8243; img_size=&#8221;full&#8221; alignment=&#8221;center&#8221; qode_css_animation=&#8221;&#8221;][vc_empty_space height=&#8221;30px&#8221;][vc_column_text]<\/p>\n<p style=\"text-align: center;\">Plusieurs niveaux<br \/>\nde fonctionnement<\/p>\n<p>[\/vc_column_text][\/vc_column_inner][\/vc_row_inner][vc_row_inner row_type=&#8221;row&#8221; type=&#8221;full_width&#8221; use_row_as_full_screen_section_slide=&#8221;no&#8221; text_align=&#8221;center&#8221; css_animation=&#8221;element_from_bottom&#8221; transition_delay=&#8221;0&#8243;][vc_column_inner][vc_single_image image=&#8221;30322&#8243; img_size=&#8221;full&#8221; alignment=&#8221;center&#8221; qode_css_animation=&#8221;&#8221;][vc_empty_space height=&#8221;30px&#8221;][vc_column_text]<\/p>\n<p style=\"text-align: center;\">Options<br \/>\npersonnalisables<\/p>\n<p>[\/vc_column_text][\/vc_column_inner][\/vc_row_inner][\/vc_column][\/vc_row][vc_row row_type=&#8221;row&#8221; use_row_as_full_screen_section=&#8221;no&#8221; type=&#8221;full_width&#8221; text_align=&#8221;left&#8221; background_animation=&#8221;none&#8221; css_animation=&#8221;&#8221; css=&#8221;.vc_custom_1545297712574{background-color: #4d4d4d !important;}&#8221; el_id=&#8221;utilizzo&#8221;][vc_column][layerslider_vc id=&#8221;1&#8243; el_class=&#8221;desk&#8221;][layerslider_vc id=&#8221;2&#8243; el_class=&#8221;mob&#8221;][\/vc_column][\/vc_row][vc_row row_type=&#8221;row&#8221; use_row_as_full_screen_section=&#8221;no&#8221; type=&#8221;full_width&#8221; text_align=&#8221;left&#8221; background_animation=&#8221;none&#8221; css_animation=&#8221;&#8221; css=&#8221;.vc_custom_1545296902439{padding-top: 60px !important;padding-bottom: 60px !important;background-color: #4d4d4d !important;}&#8221;][vc_column css=&#8221;.vc_custom_1545243694375{padding-top: 50px !important;padding-bottom: 50px !important;}&#8221; el_class=&#8221;riga-fifty&#8221;][vc_column_text el_class=&#8221;white&#8221;]<\/p>\n<h3>O\u00f9 peut-il \u00eatre utilis\u00e9?<\/h3>\n<p>Rocky est con\u00e7u pour les travaux agricoles r\u00e9p\u00e9titifs n\u00e9cessitant une flexion du corps et des d\u00e9placements lat\u00e9raux.<br \/>\nIl trouve nombreux champs et m\u00e9thodes d&#8217;emploi: vignobles, diverses cultures de fruits et l\u00e9gumes, serres et fermes.[\/vc_column_text][vc_row_inner row_type=&#8221;row&#8221; type=&#8221;full_width&#8221; use_row_as_full_screen_section_slide=&#8221;no&#8221; text_align=&#8221;left&#8221; css_animation=&#8221;&#8221; el_id=&#8221;funziona&#8221;][vc_column_inner][\/vc_column_inner][\/vc_row_inner][\/vc_column][\/vc_row][vc_row row_type=&#8221;row&#8221; use_row_as_full_screen_section=&#8221;no&#8221; type=&#8221;grid&#8221; anchor=&#8221;about2&#8243; text_align=&#8221;left&#8221; background_image=&#8221;28957&#8243; background_animation=&#8221;none&#8221; padding_top=&#8221;10&#8243; padding_bottom=&#8221;76&#8243; css_animation=&#8221;&#8221; el_class=&#8221;first-row&#8221; el_id=&#8221;come-funziona&#8221;][vc_column css=&#8221;.vc_custom_1541434282995{margin-top: -10px !important;padding-top: 80px !important;}&#8221;][qode_elements_holder number_of_columns=&#8221;two_columns&#8221;][qode_elements_holder_item vertical_alignment=&#8221;middle&#8221; item_padding_768_1024=&#8221;0 0 0 0&#8243; item_padding_600_768=&#8221;0% 0 0 0%&#8221; item_padding_480_600=&#8221;0 0 0 0&#8243; item_padding_480=&#8221;0 0 0 0&#8243;][vc_single_image image=&#8221;30703&#8243; img_size=&#8221;full&#8221; qode_css_animation=&#8221;&#8221;][\/qode_elements_holder_item][qode_elements_holder_item item_padding=&#8221;10% 0 10% 15%&#8221; vertical_alignment=&#8221;middle&#8221; item_padding_768_1024=&#8221;17% 0 0 1%&#8221; item_padding_600_768=&#8221;3% 0 0 5%&#8221; item_padding_480_600=&#8221;0 0 0 1%&#8221; item_padding_480=&#8221;0 0 0 1%&#8221;][vc_empty_space height=&#8221;31px&#8221;][vc_column_text el_class=&#8221;text-p&#8221;]<\/p>\n<h3>Comment fonctionne Rocky?<\/h3>\n<p>Conduire Rocky est simple et intuitif et il ne n\u00e9cessite aucune pr\u00e9paration ni licence sp\u00e9cifiques.<\/p>\n<p>&nbsp;<\/p>\n<p>Le syst\u00e8me brevet\u00e9 de contr\u00f4le de la torsion vous permet de contr\u00f4ler l&#8217;avancement et la conduite du v\u00e9hicule, tout en laissant vos mains libres, par de simples mouvements du corps.<\/p>\n<p>La torsion active le moteur et commande le d\u00e9placement et l&#8217;oscillation du torse contr\u00f4le la direction.<\/p>\n<p>&nbsp;<\/p>\n<p class=\"piccolo\">Une lecture attentive du manuel d&#8217;utilisation est recommand\u00e9e.<\/p>\n<p>[\/vc_column_text]<a href=\"\/fr\/vehicules\" target=\"_self\" data-hover-background-color=#00a099 data-hover-border-color=#00a099 data-hover-color=#ffffff class=\"qbutton  small\" style=\"color: #4d4d4d; border-color: #00a099; font-style: italic; font-weight: 700; font-size: 25pxpx; margin: 10px; border-radius: 0pxpx;-moz-border-radius: 0pxpx;-webkit-border-radius: 0pxpx; \">D\u00c9COUVREZ LES MOD\u00c8LES<\/a>[vc_single_image image=&#8221;29976&#8243; img_size=&#8221;full&#8221; alignment=&#8221;right&#8221; qode_css_animation=&#8221;&#8221; css=&#8221;.vc_custom_1551350539796{margin-top: 10px !important;}&#8221;][\/qode_elements_holder_item][\/qode_elements_holder][\/vc_column][\/vc_row][vc_row row_type=&#8221;row&#8221; use_row_as_full_screen_section=&#8221;no&#8221; type=&#8221;grid&#8221; anchor=&#8221;clients&#8221; text_align=&#8221;center&#8221; background_image=&#8221;28999&#8243; background_animation=&#8221;none&#8221; css_animation=&#8221;&#8221; css=&#8221;.vc_custom_1542189871318{padding-top: 5% !important;padding-bottom: 5% !important;}&#8221; el_class=&#8221;form&#8221; el_id=&#8221;contact&#8221;][vc_column][vc_column_text css=&#8221;.vc_custom_1545296726186{margin-bottom: 30px !important;}&#8221;]<\/p>\n<h3 style=\"text-align: left; color: white;\"><b>Contactez-nous!<\/b> notre \u00e9quipe est disponible<\/h3>\n<p>[\/vc_column_text]\n<div class=\"wpcf7 no-js\" id=\"wpcf7-f29674-o1\" lang=\"it-IT\" dir=\"ltr\">\n<div class=\"screen-reader-response\"><p role=\"status\" aria-live=\"polite\" aria-atomic=\"true\"><\/p> <ul><\/ul><\/div>\n<form action=\"\/fr\/wp-json\/wp\/v2\/pages\/29586#wpcf7-f29674-o1\" method=\"post\" class=\"wpcf7-form init default\" aria-label=\"Modulo di contatto\" novalidate=\"novalidate\" data-status=\"init\">\n<div style=\"display: none;\">\n<input type=\"hidden\" name=\"_wpcf7\" value=\"29674\" \/>\n<input type=\"hidden\" name=\"_wpcf7_version\" value=\"5.8.5\" \/>\n<input type=\"hidden\" name=\"_wpcf7_locale\" value=\"it_IT\" \/>\n<input type=\"hidden\" name=\"_wpcf7_unit_tag\" value=\"wpcf7-f29674-o1\" \/>\n<input type=\"hidden\" name=\"_wpcf7_container_post\" value=\"0\" \/>\n<input type=\"hidden\" name=\"_wpcf7_posted_data_hash\" value=\"\" \/>\n<input type=\"hidden\" name=\"_wpcf7_recaptcha_response\" value=\"\" \/>\n<\/div>\n<p><label> Prenom<br \/>\n<span class=\"wpcf7-form-control-wrap\" data-name=\"text-644\"><input size=\"40\" class=\"wpcf7-form-control wpcf7-text wpcf7-validates-as-required\" aria-required=\"true\" aria-invalid=\"false\" value=\"\" type=\"text\" name=\"text-644\" \/><\/span> <\/label>\n<\/p>\n<p><label> Soci\u00e9t\u00e9<br \/>\n<span class=\"wpcf7-form-control-wrap\" data-name=\"text-645\"><input size=\"40\" class=\"wpcf7-form-control wpcf7-text\" aria-invalid=\"false\" value=\"\" type=\"text\" name=\"text-645\" \/><\/span> <\/label>\n<\/p>\n<p><label> Email<br \/>\n<span class=\"wpcf7-form-control-wrap\" data-name=\"your-email\"><input size=\"40\" class=\"wpcf7-form-control wpcf7-email wpcf7-validates-as-required wpcf7-text wpcf7-validates-as-email\" aria-required=\"true\" aria-invalid=\"false\" value=\"\" type=\"email\" name=\"your-email\" \/><\/span> <\/label>\n<\/p>\n<p><label>Message<br \/>\n<span class=\"wpcf7-form-control-wrap\" data-name=\"your-message\"><textarea cols=\"40\" rows=\"10\" class=\"wpcf7-form-control wpcf7-textarea\" aria-invalid=\"false\" name=\"your-message\"><\/textarea><\/span> <\/label>\n<\/p>\n<p><label><br \/>\n<span class=\"wpcf7-form-control-wrap\" data-name=\"privay\"><span class=\"wpcf7-form-control wpcf7-acceptance\"><span class=\"wpcf7-list-item\"><input type=\"checkbox\" name=\"privay\" value=\"1\" aria-invalid=\"false\" \/><\/span><\/span><\/span>J'ai lu et j'accepte les conditions relatives au respect de la <a href=\"\/privacy-policy\/\">privacy policy<\/a><br \/>\n<\/label>\n<\/p>\n<p><span class=\"wpcf7-form-control-wrap\" data-name=\"acceptance-854\"><span class=\"wpcf7-form-control wpcf7-acceptance optional\"><span class=\"wpcf7-list-item\"><label><input type=\"checkbox\" name=\"acceptance-854\" value=\"1\" aria-invalid=\"false\" \/><span class=\"wpcf7-list-item-label\">Je souhaite m'abonner \u00e0 la lettre d'information<\/span><\/label><\/span><\/span><\/span>\n<\/p>\n<p><input class=\"wpcf7-form-control wpcf7-submit has-spinner\" type=\"submit\" value=\"soumettre\" \/>\n<\/p><div class=\"wpcf7-response-output\" aria-hidden=\"true\"><\/div>\n<\/form>\n<\/div>\n[\/vc_column][\/vc_row]<\/p>\n<\/div>","protected":false},"excerpt":{"rendered":"<p>[vc_row row_type=&#8221;row&#8221; use_row_as_full_screen_section=&#8221;no&#8221; type=&#8221;full_width&#8221; text_align=&#8221;left&#8221; background_animation=&#8221;none&#8221; css_animation=&#8221;&#8221; css=&#8221;.vc_custom_1545296864892{padding-top: 60px !important;padding-bottom: 60px !important;background-color: #4d4d4d !important;}&#8221; el_id=&#8221;cosa&#8221;][vc_column css=&#8221;.vc_custom_1545243682868{padding-top: 30px !important;padding-bottom: 30px !important;}&#8221; el_class=&#8221;riga-fifty&#8221;][vc_column_text el_class=&#8221;white&#8221;] Qu&#8217;est-ce que Rocky? Rocky est un facilitateur agricole avec un moteur \u00e9lectrique. Gr\u00e2ce \u00e0 notre syst\u00e8me brevet\u00e9 et au soin apport\u00e9 \u00e0 la&#8230;<\/p>\n","protected":false},"author":1,"featured_media":0,"parent":0,"menu_order":0,"comment_status":"closed","ping_status":"closed","template":"full_width.php","meta":{"footnotes":""},"yoast_head":"<!-- This site is optimized with the Yoast SEO plugin v21.7 - https:\/\/yoast.com\/wordpress\/plugins\/seo\/ -->\n<title>Home - Rocky<\/title>\n<meta name=\"robots\" content=\"index, follow, max-snippet:-1, max-image-preview:large, max-video-preview:-1\" \/>\n<link rel=\"canonical\" href=\"https:\/\/rocky-agri.com\/fr\/\" \/>\n<meta property=\"og:locale\" content=\"fr_FR\" \/>\n<meta property=\"og:type\" content=\"article\" \/>\n<meta property=\"og:title\" content=\"Home - Rocky\" \/>\n<meta property=\"og:description\" content=\"[vc_row row_type=&#8221;row&#8221; use_row_as_full_screen_section=&#8221;no&#8221; type=&#8221;full_width&#8221; text_align=&#8221;left&#8221; background_animation=&#8221;none&#8221; css_animation=&#8221;&#8221; css=&#8221;.vc_custom_1545296864892{padding-top: 60px !important;padding-bottom: 60px !important;background-color: #4d4d4d !important;}&#8221; el_id=&#8221;cosa&#8221;][vc_column css=&#8221;.vc_custom_1545243682868{padding-top: 30px !important;padding-bottom: 30px !important;}&#8221; el_class=&#8221;riga-fifty&#8221;][vc_column_text el_class=&#8221;white&#8221;] Qu&#8217;est-ce que Rocky? Rocky est un facilitateur agricole avec un moteur \u00e9lectrique. Gr\u00e2ce \u00e0 notre syst\u00e8me brevet\u00e9 et au soin apport\u00e9 \u00e0 la...\" \/>\n<meta property=\"og:url\" content=\"https:\/\/rocky-agri.com\/fr\/\" \/>\n<meta property=\"og:site_name\" content=\"Rocky\" \/>\n<meta property=\"article:modified_time\" content=\"2023-06-14T07:44:46+00:00\" \/>\n<meta name=\"twitter:card\" content=\"summary_large_image\" \/>\n<meta name=\"twitter:label1\" content=\"Dur\u00e9e de lecture estim\u00e9e\" \/>\n\t<meta name=\"twitter:data1\" content=\"9 minutes\" \/>\n<script type=\"application\/ld+json\" class=\"yoast-schema-graph\">{\"@context\":\"https:\/\/schema.org\",\"@graph\":[{\"@type\":\"WebPage\",\"@id\":\"https:\/\/rocky-agri.com\/fr\/\",\"url\":\"https:\/\/rocky-agri.com\/fr\/\",\"name\":\"Home - Rocky\",\"isPartOf\":{\"@id\":\"https:\/\/rocky-agri.com\/#website\"},\"datePublished\":\"2016-03-15T09:53:09+00:00\",\"dateModified\":\"2023-06-14T07:44:46+00:00\",\"breadcrumb\":{\"@id\":\"https:\/\/rocky-agri.com\/fr\/#breadcrumb\"},\"inLanguage\":\"fr-FR\",\"potentialAction\":[{\"@type\":\"ReadAction\",\"target\":[\"https:\/\/rocky-agri.com\/fr\/\"]}]},{\"@type\":\"BreadcrumbList\",\"@id\":\"https:\/\/rocky-agri.com\/fr\/#breadcrumb\",\"itemListElement\":[{\"@type\":\"ListItem\",\"position\":1,\"name\":\"Home\",\"item\":\"https:\/\/rocky-agri.com\/fr\/\"},{\"@type\":\"ListItem\",\"position\":2,\"name\":\"Home\"}]},{\"@type\":\"WebSite\",\"@id\":\"https:\/\/rocky-agri.com\/#website\",\"url\":\"https:\/\/rocky-agri.com\/\",\"name\":\"Rocky\",\"description\":\"L&#039;agevolatore agricolo per il filare\",\"potentialAction\":[{\"@type\":\"SearchAction\",\"target\":{\"@type\":\"EntryPoint\",\"urlTemplate\":\"https:\/\/rocky-agri.com\/?s={search_term_string}\"},\"query-input\":\"required name=search_term_string\"}],\"inLanguage\":\"fr-FR\"}]}<\/script>\n<!-- \/ Yoast SEO plugin. -->","yoast_head_json":{"title":"Home - Rocky","robots":{"index":"index","follow":"follow","max-snippet":"max-snippet:-1","max-image-preview":"max-image-preview:large","max-video-preview":"max-video-preview:-1"},"canonical":"https:\/\/rocky-agri.com\/fr\/","og_locale":"fr_FR","og_type":"article","og_title":"Home - Rocky","og_description":"[vc_row row_type=&#8221;row&#8221; use_row_as_full_screen_section=&#8221;no&#8221; type=&#8221;full_width&#8221; text_align=&#8221;left&#8221; background_animation=&#8221;none&#8221; css_animation=&#8221;&#8221; css=&#8221;.vc_custom_1545296864892{padding-top: 60px !important;padding-bottom: 60px !important;background-color: #4d4d4d !important;}&#8221; el_id=&#8221;cosa&#8221;][vc_column css=&#8221;.vc_custom_1545243682868{padding-top: 30px !important;padding-bottom: 30px !important;}&#8221; el_class=&#8221;riga-fifty&#8221;][vc_column_text el_class=&#8221;white&#8221;] Qu&#8217;est-ce que Rocky? Rocky est un facilitateur agricole avec un moteur \u00e9lectrique. Gr\u00e2ce \u00e0 notre syst\u00e8me brevet\u00e9 et au soin apport\u00e9 \u00e0 la...","og_url":"https:\/\/rocky-agri.com\/fr\/","og_site_name":"Rocky","article_modified_time":"2023-06-14T07:44:46+00:00","twitter_card":"summary_large_image","twitter_misc":{"Dur\u00e9e de lecture estim\u00e9e":"9 minutes"},"schema":{"@context":"https:\/\/schema.org","@graph":[{"@type":"WebPage","@id":"https:\/\/rocky-agri.com\/fr\/","url":"https:\/\/rocky-agri.com\/fr\/","name":"Home - Rocky","isPartOf":{"@id":"https:\/\/rocky-agri.com\/#website"},"datePublished":"2016-03-15T09:53:09+00:00","dateModified":"2023-06-14T07:44:46+00:00","breadcrumb":{"@id":"https:\/\/rocky-agri.com\/fr\/#breadcrumb"},"inLanguage":"fr-FR","potentialAction":[{"@type":"ReadAction","target":["https:\/\/rocky-agri.com\/fr\/"]}]},{"@type":"BreadcrumbList","@id":"https:\/\/rocky-agri.com\/fr\/#breadcrumb","itemListElement":[{"@type":"ListItem","position":1,"name":"Home","item":"https:\/\/rocky-agri.com\/fr\/"},{"@type":"ListItem","position":2,"name":"Home"}]},{"@type":"WebSite","@id":"https:\/\/rocky-agri.com\/#website","url":"https:\/\/rocky-agri.com\/","name":"Rocky","description":"L&#039;agevolatore agricolo per il filare","potentialAction":[{"@type":"SearchAction","target":{"@type":"EntryPoint","urlTemplate":"https:\/\/rocky-agri.com\/?s={search_term_string}"},"query-input":"required name=search_term_string"}],"inLanguage":"fr-FR"}]}},"_links":{"self":[{"href":"https:\/\/rocky-agri.com\/fr\/wp-json\/wp\/v2\/pages\/29586"}],"collection":[{"href":"https:\/\/rocky-agri.com\/fr\/wp-json\/wp\/v2\/pages"}],"about":[{"href":"https:\/\/rocky-agri.com\/fr\/wp-json\/wp\/v2\/types\/page"}],"author":[{"embeddable":true,"href":"https:\/\/rocky-agri.com\/fr\/wp-json\/wp\/v2\/users\/1"}],"replies":[{"embeddable":true,"href":"https:\/\/rocky-agri.com\/fr\/wp-json\/wp\/v2\/comments?post=29586"}],"version-history":[{"count":24,"href":"https:\/\/rocky-agri.com\/fr\/wp-json\/wp\/v2\/pages\/29586\/revisions"}],"predecessor-version":[{"id":32629,"href":"https:\/\/rocky-agri.com\/fr\/wp-json\/wp\/v2\/pages\/29586\/revisions\/32629"}],"wp:attachment":[{"href":"https:\/\/rocky-agri.com\/fr\/wp-json\/wp\/v2\/media?parent=29586"}],"curies":[{"name":"wp","href":"https:\/\/api.w.org\/{rel}","templated":true}]}}