{"id":30433,"date":"2019-05-24T15:18:12","date_gmt":"2019-05-24T13:18:12","guid":{"rendered":"https:\/\/rocky-agri.com\/modelli\/"},"modified":"2020-11-03T11:42:39","modified_gmt":"2020-11-03T10:42:39","slug":"vehicules","status":"publish","type":"page","link":"https:\/\/rocky-agri.com\/fr\/vehicules\/","title":{"rendered":"V\u00e9hicules"},"content":{"rendered":"<div class=\"wpb-content-wrapper\"><p>[vc_row row_type=&#8221;row&#8221; use_row_as_full_screen_section=&#8221;no&#8221; type=&#8221;full_width&#8221; text_align=&#8221;left&#8221; background_animation=&#8221;none&#8221; css_animation=&#8221;&#8221; el_class=&#8221;centro-mobile&#8221; css=&#8221;.vc_custom_1558949370080{background-color: #c6c6c6 !important;}&#8221;][vc_column el_class=&#8221;centro-mobile&#8221;][vc_column_text el_class=&#8221;titolo-serie&#8221; css=&#8221;.vc_custom_1573462900339{padding-top: 10vw !important;padding-right: 10vw !important;padding-bottom: 10vw !important;padding-left: 10vw !important;}&#8221;]<\/p>\n<p style=\"text-align: center;\">Gamme<\/p>\n<h2 style=\"text-align: center;\">ROCKY ONE<\/h2>\n<p style=\"text-align: center;\">La gamme de v\u00e9hicules innovante Rocky est con\u00e7ue pour rendre votre travail plus facile et plus efficace. est disponible en version &#8220;FREE HANDS&#8221; et &#8220;MOUNTAIN&#8221;.<\/p>\n<p>[\/vc_column_text][\/vc_column][\/vc_row][vc_row row_type=&#8221;row&#8221; use_row_as_full_screen_section=&#8221;no&#8221; type=&#8221;full_width&#8221; text_align=&#8221;left&#8221; background_animation=&#8221;none&#8221; css_animation=&#8221;&#8221; el_class=&#8221;riga-modelli&#8221;][vc_column width=&#8221;1\/3&#8243; el_class=&#8221;box-modelli sinistra&#8221; el_id=&#8221;free-hands&#8221;][vc_single_image image=&#8221;29748&#8243; alignment=&#8221;right&#8221; qode_css_animation=&#8221;&#8221; css=&#8221;.vc_custom_1604400141771{margin-top: 30px !important;}&#8221; el_class=&#8221;sinistra-testo img-brevetto&#8221;][vc_single_image image=&#8221;30050&#8243; img_size=&#8221;full&#8221; onclick=&#8221;custom_link&#8221; qode_css_animation=&#8221;&#8221; el_class=&#8221;img-modello&#8221; link=&#8221;https:\/\/rocky-agri.com\/fr\/free-hands\/&#8221;][vc_column_text]<\/p>\n<h3 class=\"sinistra-testo\" style=\"text-align: right;\">FREEHANDS<\/h3>\n<p class=\"sinistra-testo\" style=\"text-align: right;\">Rocky one avec Avancement \u00e0 torsion<\/p>\n<p>[\/vc_column_text][vc_column_text css=&#8221;.vc_custom_1573471071757{margin-top: 15px !important;}&#8221;]<\/p>\n<p class=\"sinistra-testo\"><a class=\"button-modelli\" href=\"https:\/\/rocky-agri.com\/fr\/free-hands\/\">MONTRER PLUS<\/a><\/p>\n<p>[\/vc_column_text][\/vc_column][vc_column width=&#8221;1\/3&#8243; el_class=&#8221;centro&#8221;][vc_column_text el_class=&#8221;titolo-serie&#8221;]<\/p>\n<p style=\"text-align: center;\">Gamme<\/p>\n<h2 style=\"text-align: center;\">ROCKY ONE<\/h2>\n<p style=\"text-align: center;\">La gamme de v\u00e9hicules innovante Rocky est con\u00e7ue pour rendre votre travail plus facile et plus efficace. est disponible en version &#8220;FREE HANDS&#8221; et &#8220;MOUNTAIN&#8221;.<\/p>\n<p>[\/vc_column_text][\/vc_column][vc_column width=&#8221;1\/3&#8243; el_class=&#8221;box-modelli destra&#8221; el_id=&#8221;mountain&#8221;][vc_single_image image=&#8221;30101&#8243; img_size=&#8221;full&#8221; onclick=&#8221;custom_link&#8221; qode_css_animation=&#8221;&#8221; el_class=&#8221;img-modello&#8221; link=&#8221;https:\/\/rocky-agri.com\/fr\/mountain\/&#8221;][vc_column_text]<\/p>\n<h3>MOUNTAIN<\/h3>\n<p>Rocky one avec Avancement \u00e0 joystick.[\/vc_column_text][vc_column_text css=&#8221;.vc_custom_1573481518660{margin-top: 15px !important;}&#8221;]<a class=\"button-modelli\" style=\"margin-top: 30px;\" href=\"https:\/\/rocky-agri.com\/fr\/mountain\/\">MONTRER PLUS<\/a>[\/vc_column_text][\/vc_column][\/vc_row][vc_row row_type=&#8221;row&#8221; use_row_as_full_screen_section=&#8221;no&#8221; type=&#8221;full_width&#8221; text_align=&#8221;left&#8221; background_animation=&#8221;none&#8221; css_animation=&#8221;&#8221; el_class=&#8221;riga-bianca video&#8221;][vc_column css=&#8221;.vc_custom_1547461619105{padding-top: 10px !important;padding-right: 0px !important;padding-bottom: 10px !important;padding-left: 0px !important;}&#8221;][vc_column_text]<iframe loading=\"lazy\"  style=\"display: block; margin: 0px auto;\"  id=\"_ytid_27236\"  width=\"1060\" height=\"596\"  data-origwidth=\"1060\" data-origheight=\"596\"  data-relstop=\"1\" src=\"https:\/\/www.youtube.com\/embed\/V3QN0F0g-fk?enablejsapi=1&autoplay=0&cc_load_policy=0&cc_lang_pref=&iv_load_policy=3&loop=0&modestbranding=1&rel=0&fs=1&playsinline=0&autohide=2&theme=dark&color=white&controls=1&\" class=\"__youtube_prefs__  no-lazyload\" title=\"YouTube player\"  allow=\"fullscreen; accelerometer; autoplay; clipboard-write; encrypted-media; gyroscope; picture-in-picture\" allowfullscreen data-no-lazy=\"1\" data-skipgform_ajax_framebjll=\"\"><\/iframe>[\/vc_column_text][\/vc_column][\/vc_row][vc_row row_type=&#8221;row&#8221; use_row_as_full_screen_section=&#8221;no&#8221; type=&#8221;full_width&#8221; text_align=&#8221;left&#8221; background_animation=&#8221;none&#8221; css_animation=&#8221;&#8221; el_class=&#8221;riga-bianca inizio-sezione&#8221;][vc_column css=&#8221;.vc_custom_1547461619105{padding-top: 10px !important;padding-right: 0px !important;padding-bottom: 10px !important;padding-left: 0px !important;}&#8221;][vc_column_text el_class=&#8221;text-page&#8221;]<\/p>\n<h3 id=\"specifiche\">Dimensions<\/h3>\n<p>[\/vc_column_text][\/vc_column][\/vc_row][vc_row row_type=&#8221;row&#8221; use_row_as_full_screen_section=&#8221;no&#8221; type=&#8221;full_width&#8221; text_align=&#8221;left&#8221; background_animation=&#8221;none&#8221; css_animation=&#8221;&#8221; el_class=&#8221;riga-bianca text-page&#8221; css=&#8221;.vc_custom_1547227092899{background-color: #727272 !important;}&#8221;][vc_column width=&#8221;1\/4&#8243; css=&#8221;.vc_custom_1547479626540{padding-top: 0px !important;}&#8221; el_class=&#8221;cella-tabella&#8221; offset=&#8221;vc_col-xs-6&#8243;][vc_column_text]<\/p>\n<p style=\"text-align: right;\"><strong>Dimensions<\/strong><\/p>\n<p>[\/vc_column_text][\/vc_column][vc_column width=&#8221;3\/4&#8243; css=&#8221;.vc_custom_1547479635310{border-left-width: 2px !important;padding-top: 0px !important;border-left-color: #ffffff !important;border-left-style: solid !important;}&#8221; el_class=&#8221;cella-tabella&#8221; offset=&#8221;vc_col-xs-6&#8243;][vc_column_text]Hauteur d&#8217;assise: 45-56 cm<br \/>\nLongueur: 120 cm<br \/>\nLargeur: 47 cm[\/vc_column_text][\/vc_column][\/vc_row][vc_row row_type=&#8221;row&#8221; use_row_as_full_screen_section=&#8221;no&#8221; type=&#8221;full_width&#8221; text_align=&#8221;left&#8221; background_animation=&#8221;none&#8221; css_animation=&#8221;&#8221; el_class=&#8221;riga-bianca text-page&#8221;][vc_column width=&#8221;1\/4&#8243; css=&#8221;.vc_custom_1547479671503{padding-top: 0px !important;}&#8221; el_class=&#8221;cella-tabella&#8221; offset=&#8221;vc_col-xs-6&#8243;][vc_column_text]<\/p>\n<p style=\"text-align: right;\"><strong>Poids<\/strong><\/p>\n<p>[\/vc_column_text][\/vc_column][vc_column width=&#8221;3\/4&#8243; css=&#8221;.vc_custom_1547479678710{border-left-width: 2px !important;padding-top: 0px !important;border-left-color: #ffffff !important;border-left-style: solid !important;}&#8221; el_class=&#8221;cella-tabella&#8221; offset=&#8221;vc_col-xs-6&#8243;][vc_column_text]60kg[\/vc_column_text][\/vc_column][\/vc_row][vc_row row_type=&#8221;row&#8221; use_row_as_full_screen_section=&#8221;no&#8221; type=&#8221;full_width&#8221; text_align=&#8221;left&#8221; background_animation=&#8221;none&#8221; css_animation=&#8221;&#8221; el_class=&#8221;riga-bianca text-page&#8221; css=&#8221;.vc_custom_1547227196430{background-color: #727272 !important;}&#8221;][vc_column width=&#8221;1\/4&#8243; css=&#8221;.vc_custom_1547479987757{padding-top: 0px !important;}&#8221; el_class=&#8221;cella-tabella&#8221; offset=&#8221;vc_col-xs-6&#8243;][vc_column_text]<\/p>\n<p style=\"text-align: right;\"><strong>capacit\u00e9 de charge<\/strong><\/p>\n<p>[\/vc_column_text][\/vc_column][vc_column width=&#8221;3\/4&#8243; css=&#8221;.vc_custom_1547479982812{border-left-width: 2px !important;padding-top: 0px !important;border-left-color: #ffffff !important;border-left-style: solid !important;}&#8221; el_class=&#8221;cella-tabella&#8221; offset=&#8221;vc_col-xs-6&#8243;][vc_column_text]150kg[\/vc_column_text][\/vc_column][\/vc_row][vc_row row_type=&#8221;row&#8221; use_row_as_full_screen_section=&#8221;no&#8221; type=&#8221;full_width&#8221; text_align=&#8221;left&#8221; background_animation=&#8221;none&#8221; css_animation=&#8221;&#8221; el_class=&#8221;riga-bianca text-page&#8221;][vc_column width=&#8221;1\/4&#8243; css=&#8221;.vc_custom_1547479700383{padding-top: 0px !important;}&#8221; el_class=&#8221;cella-tabella&#8221; offset=&#8221;vc_col-xs-6&#8243;][vc_column_text]<\/p>\n<p style=\"text-align: right;\"><strong>Batterie<\/strong><\/p>\n<p>[\/vc_column_text][\/vc_column][vc_column width=&#8221;3\/4&#8243; css=&#8221;.vc_custom_1547479707446{border-left-width: 2px !important;padding-top: 0px !important;border-left-color: #ffffff !important;border-left-style: solid !important;}&#8221; el_class=&#8221;cella-tabella&#8221; offset=&#8221;vc_col-xs-6&#8243;][vc_column_text]Type: AGM<br \/>\nCapacit\u00e9 : 22 Ah<br \/>\nPoids: 8 Kg<br \/>\nTemps de charge: environ 6h<br \/>\nAutonomie: min. 6h \/ max. 12h[\/vc_column_text][\/vc_column][\/vc_row][vc_row row_type=&#8221;row&#8221; use_row_as_full_screen_section=&#8221;no&#8221; type=&#8221;full_width&#8221; text_align=&#8221;left&#8221; background_animation=&#8221;none&#8221; css_animation=&#8221;&#8221; el_class=&#8221;riga-bianca text-page&#8221; css=&#8221;.vc_custom_1547227196430{background-color: #727272 !important;}&#8221;][vc_column width=&#8221;1\/4&#8243; css=&#8221;.vc_custom_1547479712968{padding-top: 0px !important;}&#8221; el_class=&#8221;cella-tabella&#8221; offset=&#8221;vc_col-xs-6&#8243;][vc_column_text]<\/p>\n<p style=\"text-align: right;\"><strong>Moteur<\/strong><\/p>\n<p>[\/vc_column_text][\/vc_column][vc_column width=&#8221;3\/4&#8243; css=&#8221;.vc_custom_1547479718709{border-left-width: 2px !important;padding-top: 0px !important;border-left-color: #ffffff !important;border-left-style: solid !important;}&#8221; el_class=&#8221;cella-tabella&#8221; offset=&#8221;vc_col-xs-6&#8243;][vc_column_text]Type: \u00e0 aimant permanent<br \/>\nTension: 24v<br \/>\nPuissance: 300 w (0,3 Kw)<br \/>\nvitesse maximale: 6 Km\/h[\/vc_column_text][\/vc_column][\/vc_row][vc_row row_type=&#8221;row&#8221; use_row_as_full_screen_section=&#8221;no&#8221; type=&#8221;full_width&#8221; text_align=&#8221;left&#8221; background_animation=&#8221;none&#8221; css_animation=&#8221;&#8221; el_class=&#8221;riga-bianca text-page&#8221;][vc_column width=&#8221;1\/4&#8243; css=&#8221;.vc_custom_1547479726180{padding-top: 0px !important;}&#8221; el_class=&#8221;cella-tabella&#8221; offset=&#8221;vc_col-xs-6&#8243;][vc_column_text]<\/p>\n<p style=\"text-align: right;\"><strong>Cadre<\/strong><\/p>\n<p>[\/vc_column_text][\/vc_column][vc_column width=&#8221;3\/4&#8243; css=&#8221;.vc_custom_1547479733383{border-left-width: 2px !important;padding-top: 0px !important;border-left-color: #ffffff !important;border-left-style: solid !important;}&#8221; el_class=&#8221;cella-tabella&#8221; offset=&#8221;vc_col-xs-6&#8243;][vc_column_text]s235jr[\/vc_column_text][\/vc_column][\/vc_row][vc_row row_type=&#8221;row&#8221; use_row_as_full_screen_section=&#8221;no&#8221; type=&#8221;full_width&#8221; text_align=&#8221;left&#8221; background_animation=&#8221;none&#8221; css_animation=&#8221;&#8221; el_class=&#8221;riga-bianca text-page&#8221; css=&#8221;.vc_custom_1547456466479{background-color: #727272 !important;}&#8221;][vc_column width=&#8221;1\/4&#8243; css=&#8221;.vc_custom_1547479739975{padding-top: 0px !important;}&#8221; el_class=&#8221;cella-tabella&#8221; offset=&#8221;vc_col-xs-6&#8243;][vc_column_text]<\/p>\n<p style=\"text-align: right;\"><strong>Syst\u00e8me de freinage<\/strong><\/p>\n<p>[\/vc_column_text][\/vc_column][vc_column width=&#8221;3\/4&#8243; css=&#8221;.vc_custom_1547479748419{border-left-width: 2px !important;padding-top: 0px !important;border-left-color: #ffffff !important;border-left-style: solid !important;}&#8221; el_class=&#8221;cella-tabella&#8221; offset=&#8221;vc_col-xs-6&#8243;][vc_column_text]\u00e9lectrique auto-temp\u00e9r\u00e9[\/vc_column_text][\/vc_column][\/vc_row][vc_row row_type=&#8221;row&#8221; use_row_as_full_screen_section=&#8221;no&#8221; type=&#8221;full_width&#8221; text_align=&#8221;left&#8221; background_animation=&#8221;none&#8221; css_animation=&#8221;&#8221; el_class=&#8221;riga-bianca text-page&#8221;][vc_column width=&#8221;1\/4&#8243; css=&#8221;.vc_custom_1547479726180{padding-top: 0px !important;}&#8221; el_class=&#8221;cella-tabella&#8221; offset=&#8221;vc_col-xs-6&#8243;][vc_column_text]<\/p>\n<p style=\"text-align: right;\"><strong>Dispositif de s\u00e9curit\u00e9<\/strong><\/p>\n<p>[\/vc_column_text][\/vc_column][vc_column width=&#8221;3\/4&#8243; css=&#8221;.vc_custom_1547479733383{border-left-width: 2px !important;padding-top: 0px !important;border-left-color: #ffffff !important;border-left-style: solid !important;}&#8221; el_class=&#8221;cella-tabella&#8221; offset=&#8221;vc_col-xs-6&#8243;][vc_column_text]\u201cHomme \u00e0 bord\u201d<br \/>\n\u201cchampignon d&#8217;arr\u00eat d&#8217;urgence\u201d[\/vc_column_text][\/vc_column][\/vc_row][vc_row row_type=&#8221;row&#8221; use_row_as_full_screen_section=&#8221;no&#8221; type=&#8221;full_width&#8221; text_align=&#8221;left&#8221; background_animation=&#8221;none&#8221; css_animation=&#8221;&#8221; el_class=&#8221;riga-bianca text-page&#8221; css=&#8221;.vc_custom_1547456466479{background-color: #727272 !important;}&#8221;][vc_column width=&#8221;1\/4&#8243; css=&#8221;.vc_custom_1547479739975{padding-top: 0px !important;}&#8221; el_class=&#8221;cella-tabella&#8221; offset=&#8221;vc_col-xs-6&#8243;][vc_column_text]<\/p>\n<p style=\"text-align: right;\"><strong>Roues<\/strong><\/p>\n<p>[\/vc_column_text][\/vc_column][vc_column width=&#8221;3\/4&#8243; css=&#8221;.vc_custom_1547479748419{border-left-width: 2px !important;padding-top: 0px !important;border-left-color: #ffffff !important;border-left-style: solid !important;}&#8221; el_class=&#8221;cella-tabella&#8221; offset=&#8221;vc_col-xs-6&#8243;][vc_column_text]Pneus: 4.00-4 tout terrain (p: 1,5 bar)<br \/>\nRoues motrices: 2<br \/>\nRoues directrices: 4[\/vc_column_text][\/vc_column][\/vc_row][vc_row row_type=&#8221;row&#8221; use_row_as_full_screen_section=&#8221;no&#8221; type=&#8221;grid&#8221; anchor=&#8221;clients&#8221; text_align=&#8221;center&#8221; background_image=&#8221;28999&#8243; background_animation=&#8221;none&#8221; css_animation=&#8221;&#8221; css=&#8221;.vc_custom_1547225162933{margin-top: 60px !important;padding-top: 5% !important;padding-bottom: 5% !important;}&#8221; el_class=&#8221;form&#8221; el_id=&#8221;contact&#8221;][vc_column][vc_column_text css=&#8221;.vc_custom_1573469857936{margin-bottom: 30px !important;}&#8221;]<\/p>\n<h3 style=\"text-align: left; color: white;\"><strong>Contactez-nous!<\/strong> notre \u00e9quipe est disponible<\/h3>\n<p>[\/vc_column_text]\n<div class=\"wpcf7 no-js\" id=\"wpcf7-f29674-o1\" lang=\"it-IT\" dir=\"ltr\">\n<div class=\"screen-reader-response\"><p role=\"status\" aria-live=\"polite\" aria-atomic=\"true\"><\/p> <ul><\/ul><\/div>\n<form action=\"\/fr\/wp-json\/wp\/v2\/pages\/30433#wpcf7-f29674-o1\" method=\"post\" class=\"wpcf7-form init default\" aria-label=\"Modulo di contatto\" novalidate=\"novalidate\" data-status=\"init\">\n<div style=\"display: none;\">\n<input type=\"hidden\" name=\"_wpcf7\" value=\"29674\" \/>\n<input type=\"hidden\" name=\"_wpcf7_version\" value=\"5.8.5\" \/>\n<input type=\"hidden\" name=\"_wpcf7_locale\" value=\"it_IT\" \/>\n<input type=\"hidden\" name=\"_wpcf7_unit_tag\" value=\"wpcf7-f29674-o1\" \/>\n<input type=\"hidden\" name=\"_wpcf7_container_post\" value=\"0\" \/>\n<input type=\"hidden\" name=\"_wpcf7_posted_data_hash\" value=\"\" \/>\n<input type=\"hidden\" name=\"_wpcf7_recaptcha_response\" value=\"\" \/>\n<\/div>\n<p><label> Prenom<br \/>\n<span class=\"wpcf7-form-control-wrap\" data-name=\"text-644\"><input size=\"40\" class=\"wpcf7-form-control wpcf7-text wpcf7-validates-as-required\" aria-required=\"true\" aria-invalid=\"false\" value=\"\" type=\"text\" name=\"text-644\" \/><\/span> <\/label>\n<\/p>\n<p><label> Soci\u00e9t\u00e9<br \/>\n<span class=\"wpcf7-form-control-wrap\" data-name=\"text-645\"><input size=\"40\" class=\"wpcf7-form-control wpcf7-text\" aria-invalid=\"false\" value=\"\" type=\"text\" name=\"text-645\" \/><\/span> <\/label>\n<\/p>\n<p><label> Email<br \/>\n<span class=\"wpcf7-form-control-wrap\" data-name=\"your-email\"><input size=\"40\" class=\"wpcf7-form-control wpcf7-email wpcf7-validates-as-required wpcf7-text wpcf7-validates-as-email\" aria-required=\"true\" aria-invalid=\"false\" value=\"\" type=\"email\" name=\"your-email\" \/><\/span> <\/label>\n<\/p>\n<p><label>Message<br \/>\n<span class=\"wpcf7-form-control-wrap\" data-name=\"your-message\"><textarea cols=\"40\" rows=\"10\" class=\"wpcf7-form-control wpcf7-textarea\" aria-invalid=\"false\" name=\"your-message\"><\/textarea><\/span> <\/label>\n<\/p>\n<p><label><br \/>\n<span class=\"wpcf7-form-control-wrap\" data-name=\"privay\"><span class=\"wpcf7-form-control wpcf7-acceptance\"><span class=\"wpcf7-list-item\"><input type=\"checkbox\" name=\"privay\" value=\"1\" aria-invalid=\"false\" \/><\/span><\/span><\/span>J'ai lu et j'accepte les conditions relatives au respect de la <a href=\"\/privacy-policy\/\">privacy policy<\/a><br \/>\n<\/label>\n<\/p>\n<p><span class=\"wpcf7-form-control-wrap\" data-name=\"acceptance-854\"><span class=\"wpcf7-form-control wpcf7-acceptance optional\"><span class=\"wpcf7-list-item\"><label><input type=\"checkbox\" name=\"acceptance-854\" value=\"1\" aria-invalid=\"false\" \/><span class=\"wpcf7-list-item-label\">Je souhaite m'abonner \u00e0 la lettre d'information<\/span><\/label><\/span><\/span><\/span>\n<\/p>\n<p><input class=\"wpcf7-form-control wpcf7-submit has-spinner\" type=\"submit\" value=\"soumettre\" \/>\n<\/p><div class=\"wpcf7-response-output\" aria-hidden=\"true\"><\/div>\n<\/form>\n<\/div>\n[\/vc_column][\/vc_row]<\/p>\n<\/div>","protected":false},"excerpt":{"rendered":"<p>[vc_row row_type=&#8221;row&#8221; use_row_as_full_screen_section=&#8221;no&#8221; type=&#8221;full_width&#8221; text_align=&#8221;left&#8221; background_animation=&#8221;none&#8221; css_animation=&#8221;&#8221; el_class=&#8221;centro-mobile&#8221; css=&#8221;.vc_custom_1558949370080{background-color: #c6c6c6 !important;}&#8221;][vc_column el_class=&#8221;centro-mobile&#8221;][vc_column_text el_class=&#8221;titolo-serie&#8221; css=&#8221;.vc_custom_1573462900339{padding-top: 10vw !important;padding-right: 10vw !important;padding-bottom: 10vw !important;padding-left: 10vw !important;}&#8221;] Gamme ROCKY ONE La gamme de v\u00e9hicules innovante Rocky est con\u00e7ue pour rendre votre travail plus facile et plus efficace. est disponible en&#8230;<\/p>\n","protected":false},"author":1,"featured_media":0,"parent":0,"menu_order":0,"comment_status":"closed","ping_status":"closed","template":"full_width.php","meta":{"footnotes":""},"yoast_head":"<!-- This site is optimized with the Yoast SEO plugin v21.7 - https:\/\/yoast.com\/wordpress\/plugins\/seo\/ -->\n<title>V\u00e9hicules - Rocky<\/title>\n<meta name=\"robots\" content=\"index, follow, max-snippet:-1, max-image-preview:large, max-video-preview:-1\" \/>\n<link rel=\"canonical\" href=\"https:\/\/rocky-agri.com\/modelli\/\" \/>\n<meta property=\"og:locale\" content=\"fr_FR\" \/>\n<meta property=\"og:type\" content=\"article\" \/>\n<meta property=\"og:title\" content=\"V\u00e9hicules - Rocky\" \/>\n<meta property=\"og:description\" content=\"[vc_row row_type=&#8221;row&#8221; use_row_as_full_screen_section=&#8221;no&#8221; type=&#8221;full_width&#8221; text_align=&#8221;left&#8221; background_animation=&#8221;none&#8221; css_animation=&#8221;&#8221; el_class=&#8221;centro-mobile&#8221; css=&#8221;.vc_custom_1558949370080{background-color: #c6c6c6 !important;}&#8221;][vc_column el_class=&#8221;centro-mobile&#8221;][vc_column_text el_class=&#8221;titolo-serie&#8221; css=&#8221;.vc_custom_1573462900339{padding-top: 10vw !important;padding-right: 10vw !important;padding-bottom: 10vw !important;padding-left: 10vw !important;}&#8221;] Gamme ROCKY ONE La gamme de v\u00e9hicules innovante Rocky est con\u00e7ue pour rendre votre travail plus facile et plus efficace. est disponible en...\" \/>\n<meta property=\"og:url\" content=\"https:\/\/rocky-agri.com\/modelli\/\" \/>\n<meta property=\"og:site_name\" content=\"Rocky\" \/>\n<meta property=\"article:modified_time\" content=\"2020-11-03T10:42:39+00:00\" \/>\n<meta name=\"twitter:card\" content=\"summary_large_image\" \/>\n<meta name=\"twitter:label1\" content=\"Dur\u00e9e de lecture estim\u00e9e\" \/>\n\t<meta name=\"twitter:data1\" content=\"7 minutes\" \/>\n<script type=\"application\/ld+json\" class=\"yoast-schema-graph\">{\"@context\":\"https:\/\/schema.org\",\"@graph\":[{\"@type\":\"WebPage\",\"@id\":\"https:\/\/rocky-agri.com\/modelli\/\",\"url\":\"https:\/\/rocky-agri.com\/modelli\/\",\"name\":\"V\u00e9hicules - Rocky\",\"isPartOf\":{\"@id\":\"https:\/\/rocky-agri.com\/#website\"},\"datePublished\":\"2019-05-24T13:18:12+00:00\",\"dateModified\":\"2020-11-03T10:42:39+00:00\",\"breadcrumb\":{\"@id\":\"https:\/\/rocky-agri.com\/modelli\/#breadcrumb\"},\"inLanguage\":\"fr-FR\",\"potentialAction\":[{\"@type\":\"ReadAction\",\"target\":[\"https:\/\/rocky-agri.com\/modelli\/\"]}]},{\"@type\":\"BreadcrumbList\",\"@id\":\"https:\/\/rocky-agri.com\/modelli\/#breadcrumb\",\"itemListElement\":[{\"@type\":\"ListItem\",\"position\":1,\"name\":\"Home\",\"item\":\"https:\/\/rocky-agri.com\/fr\/\"},{\"@type\":\"ListItem\",\"position\":2,\"name\":\"V\u00e9hicules\"}]},{\"@type\":\"WebSite\",\"@id\":\"https:\/\/rocky-agri.com\/#website\",\"url\":\"https:\/\/rocky-agri.com\/\",\"name\":\"Rocky\",\"description\":\"L&#039;agevolatore agricolo per il filare\",\"potentialAction\":[{\"@type\":\"SearchAction\",\"target\":{\"@type\":\"EntryPoint\",\"urlTemplate\":\"https:\/\/rocky-agri.com\/?s={search_term_string}\"},\"query-input\":\"required name=search_term_string\"}],\"inLanguage\":\"fr-FR\"}]}<\/script>\n<!-- \/ Yoast SEO plugin. -->","yoast_head_json":{"title":"V\u00e9hicules - Rocky","robots":{"index":"index","follow":"follow","max-snippet":"max-snippet:-1","max-image-preview":"max-image-preview:large","max-video-preview":"max-video-preview:-1"},"canonical":"https:\/\/rocky-agri.com\/modelli\/","og_locale":"fr_FR","og_type":"article","og_title":"V\u00e9hicules - Rocky","og_description":"[vc_row row_type=&#8221;row&#8221; use_row_as_full_screen_section=&#8221;no&#8221; type=&#8221;full_width&#8221; text_align=&#8221;left&#8221; background_animation=&#8221;none&#8221; css_animation=&#8221;&#8221; el_class=&#8221;centro-mobile&#8221; css=&#8221;.vc_custom_1558949370080{background-color: #c6c6c6 !important;}&#8221;][vc_column el_class=&#8221;centro-mobile&#8221;][vc_column_text el_class=&#8221;titolo-serie&#8221; css=&#8221;.vc_custom_1573462900339{padding-top: 10vw !important;padding-right: 10vw !important;padding-bottom: 10vw !important;padding-left: 10vw !important;}&#8221;] Gamme ROCKY ONE La gamme de v\u00e9hicules innovante Rocky est con\u00e7ue pour rendre votre travail plus facile et plus efficace. est disponible en...","og_url":"https:\/\/rocky-agri.com\/modelli\/","og_site_name":"Rocky","article_modified_time":"2020-11-03T10:42:39+00:00","twitter_card":"summary_large_image","twitter_misc":{"Dur\u00e9e de lecture estim\u00e9e":"7 minutes"},"schema":{"@context":"https:\/\/schema.org","@graph":[{"@type":"WebPage","@id":"https:\/\/rocky-agri.com\/modelli\/","url":"https:\/\/rocky-agri.com\/modelli\/","name":"V\u00e9hicules - Rocky","isPartOf":{"@id":"https:\/\/rocky-agri.com\/#website"},"datePublished":"2019-05-24T13:18:12+00:00","dateModified":"2020-11-03T10:42:39+00:00","breadcrumb":{"@id":"https:\/\/rocky-agri.com\/modelli\/#breadcrumb"},"inLanguage":"fr-FR","potentialAction":[{"@type":"ReadAction","target":["https:\/\/rocky-agri.com\/modelli\/"]}]},{"@type":"BreadcrumbList","@id":"https:\/\/rocky-agri.com\/modelli\/#breadcrumb","itemListElement":[{"@type":"ListItem","position":1,"name":"Home","item":"https:\/\/rocky-agri.com\/fr\/"},{"@type":"ListItem","position":2,"name":"V\u00e9hicules"}]},{"@type":"WebSite","@id":"https:\/\/rocky-agri.com\/#website","url":"https:\/\/rocky-agri.com\/","name":"Rocky","description":"L&#039;agevolatore agricolo per il filare","potentialAction":[{"@type":"SearchAction","target":{"@type":"EntryPoint","urlTemplate":"https:\/\/rocky-agri.com\/?s={search_term_string}"},"query-input":"required name=search_term_string"}],"inLanguage":"fr-FR"}]}},"_links":{"self":[{"href":"https:\/\/rocky-agri.com\/fr\/wp-json\/wp\/v2\/pages\/30433"}],"collection":[{"href":"https:\/\/rocky-agri.com\/fr\/wp-json\/wp\/v2\/pages"}],"about":[{"href":"https:\/\/rocky-agri.com\/fr\/wp-json\/wp\/v2\/types\/page"}],"author":[{"embeddable":true,"href":"https:\/\/rocky-agri.com\/fr\/wp-json\/wp\/v2\/users\/1"}],"replies":[{"embeddable":true,"href":"https:\/\/rocky-agri.com\/fr\/wp-json\/wp\/v2\/comments?post=30433"}],"version-history":[{"count":15,"href":"https:\/\/rocky-agri.com\/fr\/wp-json\/wp\/v2\/pages\/30433\/revisions"}],"predecessor-version":[{"id":31264,"href":"https:\/\/rocky-agri.com\/fr\/wp-json\/wp\/v2\/pages\/30433\/revisions\/31264"}],"wp:attachment":[{"href":"https:\/\/rocky-agri.com\/fr\/wp-json\/wp\/v2\/media?parent=30433"}],"curies":[{"name":"wp","href":"https:\/\/api.w.org\/{rel}","templated":true}]}}